{"id":110684,"date":"2018-06-12T09:04:18","date_gmt":"2018-06-12T13:04:18","guid":{"rendered":"https:\/\/patientworthy.wpengine.com\/collaborative-content-on-patient-worthy\/"},"modified":"2019-04-05T16:29:01","modified_gmt":"2019-04-05T20:29:01","slug":"collaborative-content-on-patient-worthy","status":"publish","type":"page","link":"https:\/\/patientworthy.com\/es\/collaborative-content-on-patient-worthy\/","title":{"rendered":"Collaborative Content On Patient Worthy"},"content":{"rendered":"\t\t<div data-elementor-type=\"wp-post\" data-elementor-id=\"110684\" class=\"elementor elementor-110684 elementor-93479\" data-elementor-post-type=\"page\">\n\t\t\t\t\t\t\t\t\t<section class=\"elementor-section elementor-top-section elementor-element elementor-element-7930a9f7 elementor-section-boxed elementor-section-height-default elementor-section-height-default\" data-id=\"7930a9f7\" data-element_type=\"section\">\n\t\t\t\t\t\t<div class=\"elementor-container elementor-column-gap-default\">\n\t\t\t\t\t<div class=\"elementor-column elementor-col-100 elementor-top-column elementor-element elementor-element-5847cc11\" data-id=\"5847cc11\" data-element_type=\"column\">\n\t\t\t<div class=\"elementor-widget-wrap elementor-element-populated\">\n\t\t\t\t\t\t\t\t<div class=\"elementor-element elementor-element-72fb2394 elementor-widget elementor-widget-text-editor\" data-id=\"72fb2394\" data-element_type=\"widget\" data-widget_type=\"text-editor.default\">\n\t\t\t\t<div class=\"elementor-widget-container\">\n\t\t\t\t\t\t\t<h1><img fetchpriority=\"high\" class=\"alignnone wp-image-18822\" src=\"http:\/\/dev.pworthy.webfactional.com\/wp-content\/uploads\/2016\/03\/PW_WebBanner_patientworthy_1068x712-1-300x200.png\" alt=\"\" width=\"720\" height=\"480\" srcset=\"https:\/\/patientworthy.com\/wp-content\/uploads\/2016\/03\/PW_WebBanner_patientworthy_1068x712-1-300x200.png 300w, https:\/\/patientworthy.com\/wp-content\/uploads\/2016\/03\/PW_WebBanner_patientworthy_1068x712-1-150x100.png 150w, https:\/\/patientworthy.com\/wp-content\/uploads\/2016\/03\/PW_WebBanner_patientworthy_1068x712-1-768x512.png 768w, https:\/\/patientworthy.com\/wp-content\/uploads\/2016\/03\/PW_WebBanner_patientworthy_1068x712-1.png 1024w, https:\/\/patientworthy.com\/wp-content\/uploads\/2016\/03\/PW_WebBanner_patientworthy_1068x712-1-696x464.png 696w\" sizes=\"(max-width: 720px) 100vw, 720px\" \/><\/h1><h1>Our mission is to amplify the rare condition voice. One of the ways we achieve that is through collaborations across the community, from patients and caregivers to industry leaders in treatment research and development.<\/h1><h3>In this vein, Patient Worthy will publish sponsored rare disease content that impacts our community, on behalf of other organizations. We hope these efforts will achieve improved awareness, communication and engagement across the rare disease world.<\/h3><h3>Sponsored content ranges from promoting events on our events calendar, to publishing, curating or creating content on behalf of an organization. While we may promote events on behalf of an organization, we are not involved in the event planning or hosting, unless otherwise noted.<\/h3><h1>All sponsored and promotional content must embody our mission of providing relevant, vetted and valuable information to our rare disease audience. Any promotional collaboration will be highlighted in the post, with the name of the sponsoring organization. On social media, a collaboration will be indicated with #Collab.<\/h1><p><span style=\"color: #333333; font-size: 20px; font-weight: 600;\">To learn more about our collaborations, contact <\/span><a style=\"font-size: 20px; font-weight: 600; background-color: #ffffff;\" href=\"mailto:Collaborations@patientworthy.com\" target=\"_blank\" rel=\"noopener\">Collaborations@patientworthy.com<\/a><span style=\"color: #333333; font-size: 20px; font-weight: 600;\">.<\/span><\/p>\t\t\t\t\t\t<\/div>\n\t\t\t\t<\/div>\n\t\t\t\t\t<\/div>\n\t\t<\/div>\n\t\t\t\t\t\t\t<\/div>\n\t\t<\/section>\n\t\t\t\t<section class=\"elementor-section elementor-top-section elementor-element elementor-element-5fe7589 elementor-section-boxed elementor-section-height-default elementor-section-height-default\" data-id=\"5fe7589\" data-element_type=\"section\">\n\t\t\t\t\t\t<div class=\"elementor-container elementor-column-gap-default\">\n\t\t\t\t\t<div class=\"elementor-column elementor-col-100 elementor-top-column elementor-element elementor-element-abf3841\" data-id=\"abf3841\" data-element_type=\"column\">\n\t\t\t<div class=\"elementor-widget-wrap elementor-element-populated\">\n\t\t\t\t\t\t\t\t<div class=\"elementor-element elementor-element-90b6127 elementor-widget elementor-widget-heading\" data-id=\"90b6127\" data-element_type=\"widget\" data-widget_type=\"heading.default\">\n\t\t\t\t<div class=\"elementor-widget-container\">\n\t\t\t<h2 class=\"elementor-heading-title elementor-size-default\">Latest Patient Worthy Articles<\/h2>\t\t<\/div>\n\t\t\t\t<\/div>\n\t\t\t\t\t<\/div>\n\t\t<\/div>\n\t\t\t\t\t\t\t<\/div>\n\t\t<\/section>\n\t\t\t\t<section class=\"elementor-section elementor-top-section elementor-element elementor-element-4da9960 elementor-section-boxed elementor-section-height-default elementor-section-height-default\" data-id=\"4da9960\" data-element_type=\"section\">\n\t\t\t\t\t\t<div class=\"elementor-container elementor-column-gap-default\">\n\t\t\t\t\t<div class=\"elementor-column elementor-col-100 elementor-top-column elementor-element elementor-element-b918088\" data-id=\"b918088\" data-element_type=\"column\">\n\t\t\t<div class=\"elementor-widget-wrap elementor-element-populated\">\n\t\t\t\t\t\t\t\t<div class=\"elementor-element elementor-element-a1734a6 elementor-widget-divider--view-line elementor-widget elementor-widget-divider\" data-id=\"a1734a6\" data-element_type=\"widget\" data-widget_type=\"divider.default\">\n\t\t\t\t<div class=\"elementor-widget-container\">\n\t\t\t\t\t<div class=\"elementor-divider\">\n\t\t\t<span class=\"elementor-divider-separator\">\n\t\t\t\t\t\t<\/span>\n\t\t<\/div>\n\t\t\t\t<\/div>\n\t\t\t\t<\/div>\n\t\t\t\t\t<\/div>\n\t\t<\/div>\n\t\t\t\t\t\t\t<\/div>\n\t\t<\/section>\n\t\t\t\t<section class=\"elementor-section elementor-top-section elementor-element elementor-element-d618f23 elementor-section-boxed elementor-section-height-default elementor-section-height-default\" data-id=\"d618f23\" data-element_type=\"section\">\n\t\t\t\t\t\t<div class=\"elementor-container elementor-column-gap-default\">\n\t\t\t\t\t<div class=\"elementor-column elementor-col-100 elementor-top-column elementor-element elementor-element-99b16c3\" data-id=\"99b16c3\" data-element_type=\"column\">\n\t\t\t<div class=\"elementor-widget-wrap elementor-element-populated\">\n\t\t\t\t\t\t\t\t<div class=\"elementor-element elementor-element-4cd50cf elementor-grid-4 elementor-grid-tablet-2 elementor-grid-mobile-1 elementor-posts--thumbnail-top elementor-widget elementor-widget-posts\" data-id=\"4cd50cf\" data-element_type=\"widget\" data-settings=\"{&quot;classic_columns&quot;:&quot;4&quot;,&quot;classic_columns_tablet&quot;:&quot;2&quot;,&quot;classic_columns_mobile&quot;:&quot;1&quot;,&quot;classic_row_gap&quot;:{&quot;unit&quot;:&quot;px&quot;,&quot;size&quot;:35,&quot;sizes&quot;:[]},&quot;classic_row_gap_tablet&quot;:{&quot;unit&quot;:&quot;px&quot;,&quot;size&quot;:&quot;&quot;,&quot;sizes&quot;:[]},&quot;classic_row_gap_mobile&quot;:{&quot;unit&quot;:&quot;px&quot;,&quot;size&quot;:&quot;&quot;,&quot;sizes&quot;:[]}}\" data-widget_type=\"posts.classic\">\n\t\t\t\t<div class=\"elementor-widget-container\">\n\t\t\t\t\t<div class=\"elementor-posts-container elementor-posts elementor-posts--skin-classic elementor-grid\">\n\t\t\t\t<article class=\"elementor-post elementor-grid-item post-1524202 post type-post status-publish format-standard has-post-thumbnail hentry category-sarcoma-de-tejido-blando entry has-media\">\n\t\t\t\t<a class=\"elementor-post__thumbnail__link\" href=\"https:\/\/patientworthy.com\/es\/2021\/09\/01\/envafolimab-para-el-sarcoma-de-tejidos-blandos-obtuvo-el-estatus-de-farmaco-huerfano\/\" tabindex=\"-1\" >\n\t\t\t<div class=\"elementor-post__thumbnail\"><img width=\"300\" height=\"199\" src=\"https:\/\/patientworthy.com\/wp-content\/uploads\/2021\/07\/cancer-390322_1280-300x199.jpg\" class=\"attachment-medium size-medium wp-image-1506716\" alt=\"\" srcset=\"https:\/\/patientworthy.com\/wp-content\/uploads\/2021\/07\/cancer-390322_1280-300x199.jpg 300w, https:\/\/patientworthy.com\/wp-content\/uploads\/2021\/07\/cancer-390322_1280-scaled.jpg 1024w, https:\/\/patientworthy.com\/wp-content\/uploads\/2021\/07\/cancer-390322_1280-150x99.jpg 150w, https:\/\/patientworthy.com\/wp-content\/uploads\/2021\/07\/cancer-390322_1280-768x508.jpg 768w\" sizes=\"(max-width: 300px) 100vw, 300px\" \/><\/div>\n\t\t<\/a>\n\t\t\t\t<div class=\"elementor-post__text\">\n\t\t\t\t<h3 class=\"elementor-post__title\">\n\t\t\t<a href=\"https:\/\/patientworthy.com\/es\/2021\/09\/01\/envafolimab-para-el-sarcoma-de-tejidos-blandos-obtuvo-el-estatus-de-farmaco-huerfano\/\" >\n\t\t\t\tEnvafolimab para el sarcoma de tejidos blandos obtuvo el estatus de f\u00e1rmaco hu\u00e9rfano\t\t\t<\/a>\n\t\t<\/h3>\n\t\t\t\t<div class=\"elementor-post__meta-data\">\n\t\t\t\t\t<span class=\"elementor-post-author\">\n\t\t\tJessica Lynn\t\t<\/span>\n\t\t\t\t<span class=\"elementor-post-date\">\n\t\t\tseptiembre 1, 2021\t\t<\/span>\n\t\t\t\t<\/div>\n\t\t\n\t\t<a class=\"elementor-post__read-more\" href=\"https:\/\/patientworthy.com\/es\/2021\/09\/01\/envafolimab-para-el-sarcoma-de-tejidos-blandos-obtuvo-el-estatus-de-farmaco-huerfano\/\" aria-label=\"M\u00e1s informaci\u00f3n sobre Envafolimab para el sarcoma de tejidos blandos obtuvo el estatus de f\u00e1rmaco hu\u00e9rfano\" tabindex=\"-1\" >\n\t\t\tRead More \u00bb\t\t<\/a>\n\n\t\t\t\t<\/div>\n\t\t\t\t<\/article>\n\t\t\t\t<article class=\"elementor-post elementor-grid-item post-1524200 post type-post status-publish format-standard has-post-thumbnail hentry category-cancer-colonrectal entry has-media\">\n\t\t\t\t<a class=\"elementor-post__thumbnail__link\" href=\"https:\/\/patientworthy.com\/es\/2021\/09\/01\/los-antibioticos-potencialmente-aumentan-el-riesgo-de-ccr-muestra-una-investigacion\/\" tabindex=\"-1\" >\n\t\t\t<div class=\"elementor-post__thumbnail\"><img width=\"300\" height=\"180\" src=\"https:\/\/patientworthy.com\/wp-content\/uploads\/2020\/04\/pills-3673645_1280-300x180.jpg\" class=\"attachment-medium size-medium wp-image-170686\" alt=\"\" srcset=\"https:\/\/patientworthy.com\/wp-content\/uploads\/2020\/04\/pills-3673645_1280-300x180.jpg 300w, https:\/\/patientworthy.com\/wp-content\/uploads\/2020\/04\/pills-3673645_1280.jpg 1024w, https:\/\/patientworthy.com\/wp-content\/uploads\/2020\/04\/pills-3673645_1280-150x90.jpg 150w, https:\/\/patientworthy.com\/wp-content\/uploads\/2020\/04\/pills-3673645_1280-768x461.jpg 768w\" sizes=\"(max-width: 300px) 100vw, 300px\" \/><\/div>\n\t\t<\/a>\n\t\t\t\t<div class=\"elementor-post__text\">\n\t\t\t\t<h3 class=\"elementor-post__title\">\n\t\t\t<a href=\"https:\/\/patientworthy.com\/es\/2021\/09\/01\/los-antibioticos-potencialmente-aumentan-el-riesgo-de-ccr-muestra-una-investigacion\/\" >\n\t\t\t\tLos antibi\u00f3ticos potencialmente aumentan el riesgo de CCR, muestra una investigaci\u00f3n\t\t\t<\/a>\n\t\t<\/h3>\n\t\t\t\t<div class=\"elementor-post__meta-data\">\n\t\t\t\t\t<span class=\"elementor-post-author\">\n\t\t\tJessica Lynn\t\t<\/span>\n\t\t\t\t<span class=\"elementor-post-date\">\n\t\t\tseptiembre 1, 2021\t\t<\/span>\n\t\t\t\t<\/div>\n\t\t\n\t\t<a class=\"elementor-post__read-more\" href=\"https:\/\/patientworthy.com\/es\/2021\/09\/01\/los-antibioticos-potencialmente-aumentan-el-riesgo-de-ccr-muestra-una-investigacion\/\" aria-label=\"M\u00e1s informaci\u00f3n sobre Los antibi\u00f3ticos potencialmente aumentan el riesgo de CCR, muestra una investigaci\u00f3n\" tabindex=\"-1\" >\n\t\t\tRead More \u00bb\t\t<\/a>\n\n\t\t\t\t<\/div>\n\t\t\t\t<\/article>\n\t\t\t\t<article class=\"elementor-post elementor-grid-item post-1524198 post type-post status-publish format-standard has-post-thumbnail hentry category-distonia category-distonia-cervical entry has-media\">\n\t\t\t\t<a class=\"elementor-post__thumbnail__link\" href=\"https:\/\/patientworthy.com\/es\/2021\/09\/01\/estas-convirtiendo-tu-artilugio-en-un-gremlin-comprender-y-controlar-la-ansiedad\/\" tabindex=\"-1\" >\n\t\t\t<div class=\"elementor-post__thumbnail\"><img loading=\"lazy\" width=\"300\" height=\"200\" src=\"https:\/\/patientworthy.com\/wp-content\/uploads\/2021\/08\/depression-4395124_1280-1-300x200.jpg\" class=\"attachment-medium size-medium wp-image-1607420\" alt=\"\" srcset=\"https:\/\/patientworthy.com\/wp-content\/uploads\/2021\/08\/depression-4395124_1280-1-300x200.jpg 300w, https:\/\/patientworthy.com\/wp-content\/uploads\/2021\/08\/depression-4395124_1280-1-scaled.jpg 1024w, https:\/\/patientworthy.com\/wp-content\/uploads\/2021\/08\/depression-4395124_1280-1-150x100.jpg 150w, https:\/\/patientworthy.com\/wp-content\/uploads\/2021\/08\/depression-4395124_1280-1-768x512.jpg 768w\" sizes=\"(max-width: 300px) 100vw, 300px\" \/><\/div>\n\t\t<\/a>\n\t\t\t\t<div class=\"elementor-post__text\">\n\t\t\t\t<h3 class=\"elementor-post__title\">\n\t\t\t<a href=\"https:\/\/patientworthy.com\/es\/2021\/09\/01\/estas-convirtiendo-tu-artilugio-en-un-gremlin-comprender-y-controlar-la-ansiedad\/\" >\n\t\t\t\t\u00bfEst\u00e1s convirtiendo tu artilugio en un Gremlin? Comprender y controlar la ansiedad\t\t\t<\/a>\n\t\t<\/h3>\n\t\t\t\t<div class=\"elementor-post__meta-data\">\n\t\t\t\t\t<span class=\"elementor-post-author\">\n\t\t\tTom Seaman\t\t<\/span>\n\t\t\t\t<span class=\"elementor-post-date\">\n\t\t\tseptiembre 1, 2021\t\t<\/span>\n\t\t\t\t<\/div>\n\t\t\n\t\t<a class=\"elementor-post__read-more\" href=\"https:\/\/patientworthy.com\/es\/2021\/09\/01\/estas-convirtiendo-tu-artilugio-en-un-gremlin-comprender-y-controlar-la-ansiedad\/\" aria-label=\"M\u00e1s informaci\u00f3n sobre \u00bfEst\u00e1s convirtiendo tu artilugio en un Gremlin? Comprender y controlar la ansiedad\" tabindex=\"-1\" >\n\t\t\tRead More \u00bb\t\t<\/a>\n\n\t\t\t\t<\/div>\n\t\t\t\t<\/article>\n\t\t\t\t<article class=\"elementor-post elementor-grid-item post-1524195 post type-post status-publish format-standard has-post-thumbnail hentry category-enfermedad-rara entry has-media\">\n\t\t\t\t<a class=\"elementor-post__thumbnail__link\" href=\"https:\/\/patientworthy.com\/es\/2021\/09\/01\/la-lucha-por-acceder-a-terapias-experimentales-para-enfermedades-raras-mediante-el-uso-compasivo\/\" tabindex=\"-1\" >\n\t\t\t<div class=\"elementor-post__thumbnail\"><img loading=\"lazy\" width=\"300\" height=\"200\" src=\"https:\/\/patientworthy.com\/wp-content\/uploads\/2019\/06\/treatment_1561584517-300x200.jpg\" class=\"attachment-medium size-medium wp-image-145277\" alt=\"\" \/><\/div>\n\t\t<\/a>\n\t\t\t\t<div class=\"elementor-post__text\">\n\t\t\t\t<h3 class=\"elementor-post__title\">\n\t\t\t<a href=\"https:\/\/patientworthy.com\/es\/2021\/09\/01\/la-lucha-por-acceder-a-terapias-experimentales-para-enfermedades-raras-mediante-el-uso-compasivo\/\" >\n\t\t\t\tLa lucha por acceder a terapias experimentales para enfermedades raras mediante el uso compasivo\t\t\t<\/a>\n\t\t<\/h3>\n\t\t\t\t<div class=\"elementor-post__meta-data\">\n\t\t\t\t\t<span class=\"elementor-post-author\">\n\t\t\tKendall Mason\t\t<\/span>\n\t\t\t\t<span class=\"elementor-post-date\">\n\t\t\tseptiembre 1, 2021\t\t<\/span>\n\t\t\t\t<\/div>\n\t\t\n\t\t<a class=\"elementor-post__read-more\" href=\"https:\/\/patientworthy.com\/es\/2021\/09\/01\/la-lucha-por-acceder-a-terapias-experimentales-para-enfermedades-raras-mediante-el-uso-compasivo\/\" aria-label=\"M\u00e1s informaci\u00f3n sobre La lucha por acceder a terapias experimentales para enfermedades raras mediante el uso compasivo\" tabindex=\"-1\" >\n\t\t\tRead More \u00bb\t\t<\/a>\n\n\t\t\t\t<\/div>\n\t\t\t\t<\/article>\n\t\t\t\t<article class=\"elementor-post elementor-grid-item post-1524206 post type-post status-publish format-standard has-post-thumbnail hentry category-enfermedad-inflamatoria-intestinal entry has-media\">\n\t\t\t\t<a class=\"elementor-post__thumbnail__link\" href=\"https:\/\/patientworthy.com\/es\/2021\/08\/10\/uso-de-probioticos-de-levadura-para-tratar-la-eii\/\" tabindex=\"-1\" >\n\t\t\t<div class=\"elementor-post__thumbnail\"><img loading=\"lazy\" width=\"300\" height=\"200\" src=\"https:\/\/patientworthy.com\/wp-content\/uploads\/2021\/07\/REDObread-1494947__180-300x200.jpg\" class=\"attachment-medium size-medium wp-image-1537671\" alt=\"\" srcset=\"https:\/\/patientworthy.com\/wp-content\/uploads\/2021\/07\/REDObread-1494947__180-300x200.jpg 300w, https:\/\/patientworthy.com\/wp-content\/uploads\/2021\/07\/REDObread-1494947__180-150x100.jpg 150w, https:\/\/patientworthy.com\/wp-content\/uploads\/2021\/07\/REDObread-1494947__180-768x512.jpg 768w, https:\/\/patientworthy.com\/wp-content\/uploads\/2021\/07\/REDObread-1494947__180.jpg 1024w\" sizes=\"(max-width: 300px) 100vw, 300px\" \/><\/div>\n\t\t<\/a>\n\t\t\t\t<div class=\"elementor-post__text\">\n\t\t\t\t<h3 class=\"elementor-post__title\">\n\t\t\t<a href=\"https:\/\/patientworthy.com\/es\/2021\/08\/10\/uso-de-probioticos-de-levadura-para-tratar-la-eii\/\" >\n\t\t\t\tUso de probi\u00f3ticos de levadura para tratar la EII\t\t\t<\/a>\n\t\t<\/h3>\n\t\t\t\t<div class=\"elementor-post__meta-data\">\n\t\t\t\t\t<span class=\"elementor-post-author\">\n\t\t\tJessica Lynn\t\t<\/span>\n\t\t\t\t<span class=\"elementor-post-date\">\n\t\t\tagosto 10, 2021\t\t<\/span>\n\t\t\t\t<\/div>\n\t\t\n\t\t<a class=\"elementor-post__read-more\" href=\"https:\/\/patientworthy.com\/es\/2021\/08\/10\/uso-de-probioticos-de-levadura-para-tratar-la-eii\/\" aria-label=\"M\u00e1s informaci\u00f3n sobre Uso de probi\u00f3ticos de levadura para tratar la EII\" tabindex=\"-1\" >\n\t\t\tRead More \u00bb\t\t<\/a>\n\n\t\t\t\t<\/div>\n\t\t\t\t<\/article>\n\t\t\t\t<article class=\"elementor-post elementor-grid-item post-1524215 post type-post status-publish format-standard has-post-thumbnail hentry category-enfermedad-de-alzheimer category-enfermedad-de-alzheimer-sin-enredos-neurofibrilares category-enfermedad-de-alzheimer-tipo-3 entry has-media\">\n\t\t\t\t<a class=\"elementor-post__thumbnail__link\" href=\"https:\/\/patientworthy.com\/es\/2021\/08\/10\/dos-decadas-de-investigacion-pueden-ser-revertidas-por-un-nuevo-descubrimiento-de-la-enfermedad-de-alzheimer\/\" tabindex=\"-1\" >\n\t\t\t<div class=\"elementor-post__thumbnail\"><img loading=\"lazy\" width=\"300\" height=\"300\" src=\"https:\/\/patientworthy.com\/wp-content\/uploads\/2021\/06\/albert-einstein--300x300.jpg\" class=\"attachment-medium size-medium wp-image-1385866\" alt=\"\" srcset=\"https:\/\/patientworthy.com\/wp-content\/uploads\/2021\/06\/albert-einstein--300x300.jpg 300w, https:\/\/patientworthy.com\/wp-content\/uploads\/2021\/06\/albert-einstein--150x150.jpg 150w, https:\/\/patientworthy.com\/wp-content\/uploads\/2021\/06\/albert-einstein-.jpg 487w\" sizes=\"(max-width: 300px) 100vw, 300px\" \/><\/div>\n\t\t<\/a>\n\t\t\t\t<div class=\"elementor-post__text\">\n\t\t\t\t<h3 class=\"elementor-post__title\">\n\t\t\t<a href=\"https:\/\/patientworthy.com\/es\/2021\/08\/10\/dos-decadas-de-investigacion-pueden-ser-revertidas-por-un-nuevo-descubrimiento-de-la-enfermedad-de-alzheimer\/\" >\n\t\t\t\tDos d\u00e9cadas de investigaci\u00f3n pueden ser revertidas por un nuevo descubrimiento de la enfermedad de Alzheimer\t\t\t<\/a>\n\t\t<\/h3>\n\t\t\t\t<div class=\"elementor-post__meta-data\">\n\t\t\t\t\t<span class=\"elementor-post-author\">\n\t\t\tRose Duesterwald\t\t<\/span>\n\t\t\t\t<span class=\"elementor-post-date\">\n\t\t\tagosto 10, 2021\t\t<\/span>\n\t\t\t\t<\/div>\n\t\t\n\t\t<a class=\"elementor-post__read-more\" href=\"https:\/\/patientworthy.com\/es\/2021\/08\/10\/dos-decadas-de-investigacion-pueden-ser-revertidas-por-un-nuevo-descubrimiento-de-la-enfermedad-de-alzheimer\/\" aria-label=\"M\u00e1s informaci\u00f3n sobre Dos d\u00e9cadas de investigaci\u00f3n pueden ser revertidas por un nuevo descubrimiento de la enfermedad de Alzheimer\" tabindex=\"-1\" >\n\t\t\tRead More \u00bb\t\t<\/a>\n\n\t\t\t\t<\/div>\n\t\t\t\t<\/article>\n\t\t\t\t<article class=\"elementor-post elementor-grid-item post-1524266 post type-post status-publish format-standard has-post-thumbnail hentry category-ataxia-espinocerebelosa entry has-media\">\n\t\t\t\t<a class=\"elementor-post__thumbnail__link\" href=\"https:\/\/patientworthy.com\/es\/2021\/07\/31\/vo659-para-sca-obtiene-la-designacion-de-farmaco-huerfano\/\" tabindex=\"-1\" >\n\t\t\t<div class=\"elementor-post__thumbnail\"><img loading=\"lazy\" width=\"300\" height=\"201\" src=\"https:\/\/patientworthy.com\/wp-content\/uploads\/2018\/10\/drug_1538506237-300x201.jpg\" class=\"attachment-medium size-medium wp-image-203618\" alt=\"\" srcset=\"https:\/\/patientworthy.com\/wp-content\/uploads\/2018\/10\/drug_1538506237-300x201.jpg 300w, https:\/\/patientworthy.com\/wp-content\/uploads\/2018\/10\/drug_1538506237-150x100.jpg 150w, https:\/\/patientworthy.com\/wp-content\/uploads\/2018\/10\/drug_1538506237-768x514.jpg 768w, https:\/\/patientworthy.com\/wp-content\/uploads\/2018\/10\/drug_1538506237.jpg 1024w\" sizes=\"(max-width: 300px) 100vw, 300px\" \/><\/div>\n\t\t<\/a>\n\t\t\t\t<div class=\"elementor-post__text\">\n\t\t\t\t<h3 class=\"elementor-post__title\">\n\t\t\t<a href=\"https:\/\/patientworthy.com\/es\/2021\/07\/31\/vo659-para-sca-obtiene-la-designacion-de-farmaco-huerfano\/\" >\n\t\t\t\tVO659 para SCA obtiene la designaci\u00f3n de f\u00e1rmaco hu\u00e9rfano\t\t\t<\/a>\n\t\t<\/h3>\n\t\t\t\t<div class=\"elementor-post__meta-data\">\n\t\t\t\t\t<span class=\"elementor-post-author\">\n\t\t\tJessica Lynn\t\t<\/span>\n\t\t\t\t<span class=\"elementor-post-date\">\n\t\t\tjulio 31, 2021\t\t<\/span>\n\t\t\t\t<\/div>\n\t\t\n\t\t<a class=\"elementor-post__read-more\" href=\"https:\/\/patientworthy.com\/es\/2021\/07\/31\/vo659-para-sca-obtiene-la-designacion-de-farmaco-huerfano\/\" aria-label=\"M\u00e1s informaci\u00f3n sobre VO659 para SCA obtiene la designaci\u00f3n de f\u00e1rmaco hu\u00e9rfano\" tabindex=\"-1\" >\n\t\t\tRead More \u00bb\t\t<\/a>\n\n\t\t\t\t<\/div>\n\t\t\t\t<\/article>\n\t\t\t\t<article class=\"elementor-post elementor-grid-item post-1524260 post type-post status-publish format-standard has-post-thumbnail hentry category-esclerosis-multiple entry has-media\">\n\t\t\t\t<a class=\"elementor-post__thumbnail__link\" href=\"https:\/\/patientworthy.com\/es\/2021\/07\/31\/la-dieta-de-isoflavonas-podria-proteger-contra-la-em\/\" tabindex=\"-1\" >\n\t\t\t<div class=\"elementor-post__thumbnail\"><img loading=\"lazy\" width=\"300\" height=\"198\" src=\"https:\/\/patientworthy.com\/wp-content\/uploads\/2018\/01\/healthy_food_1516051603-300x198.jpg\" class=\"attachment-medium size-medium wp-image-127759\" alt=\"\" srcset=\"https:\/\/patientworthy.com\/wp-content\/uploads\/2018\/01\/healthy_food_1516051603-300x198.jpg 300w, https:\/\/patientworthy.com\/wp-content\/uploads\/2018\/01\/healthy_food_1516051603-150x99.jpg 150w, https:\/\/patientworthy.com\/wp-content\/uploads\/2018\/01\/healthy_food_1516051603-768x507.jpg 768w, https:\/\/patientworthy.com\/wp-content\/uploads\/2018\/01\/healthy_food_1516051603.jpg 1024w, https:\/\/patientworthy.com\/wp-content\/uploads\/2018\/01\/healthy_food_1516051603-696x459.jpg 696w\" sizes=\"(max-width: 300px) 100vw, 300px\" \/><\/div>\n\t\t<\/a>\n\t\t\t\t<div class=\"elementor-post__text\">\n\t\t\t\t<h3 class=\"elementor-post__title\">\n\t\t\t<a href=\"https:\/\/patientworthy.com\/es\/2021\/07\/31\/la-dieta-de-isoflavonas-podria-proteger-contra-la-em\/\" >\n\t\t\t\tLa dieta de isoflavonas podr\u00eda proteger contra la EM\t\t\t<\/a>\n\t\t<\/h3>\n\t\t\t\t<div class=\"elementor-post__meta-data\">\n\t\t\t\t\t<span class=\"elementor-post-author\">\n\t\t\tJessica Lynn\t\t<\/span>\n\t\t\t\t<span class=\"elementor-post-date\">\n\t\t\tjulio 31, 2021\t\t<\/span>\n\t\t\t\t<\/div>\n\t\t\n\t\t<a class=\"elementor-post__read-more\" href=\"https:\/\/patientworthy.com\/es\/2021\/07\/31\/la-dieta-de-isoflavonas-podria-proteger-contra-la-em\/\" aria-label=\"M\u00e1s informaci\u00f3n sobre La dieta de isoflavonas podr\u00eda proteger contra la EM\" tabindex=\"-1\" >\n\t\t\tRead More \u00bb\t\t<\/a>\n\n\t\t\t\t<\/div>\n\t\t\t\t<\/article>\n\t\t\t\t<\/div>\n\t\t\n\t\t\t\t<\/div>\n\t\t\t\t<\/div>\n\t\t\t\t\t<\/div>\n\t\t<\/div>\n\t\t\t\t\t\t\t<\/div>\n\t\t<\/section>\n\t\t\t\t\t\t\t<\/div>\n\t\t","protected":false},"excerpt":{"rendered":"<p>Our mission is to amplify the rare condition voice. One of the ways we achieve that is through collaborations across the community, from patients and<\/p>\n","protected":false},"author":1,"featured_media":0,"parent":0,"menu_order":0,"comment_status":"closed","ping_status":"closed","template":"","meta":[],"_links":{"self":[{"href":"https:\/\/patientworthy.com\/es\/wp-json\/wp\/v2\/pages\/110684"}],"collection":[{"href":"https:\/\/patientworthy.com\/es\/wp-json\/wp\/v2\/pages"}],"about":[{"href":"https:\/\/patientworthy.com\/es\/wp-json\/wp\/v2\/types\/page"}],"author":[{"embeddable":true,"href":"https:\/\/patientworthy.com\/es\/wp-json\/wp\/v2\/users\/1"}],"replies":[{"embeddable":true,"href":"https:\/\/patientworthy.com\/es\/wp-json\/wp\/v2\/comments?post=110684"}],"version-history":[{"count":0,"href":"https:\/\/patientworthy.com\/es\/wp-json\/wp\/v2\/pages\/110684\/revisions"}],"wp:attachment":[{"href":"https:\/\/patientworthy.com\/es\/wp-json\/wp\/v2\/media?parent=110684"}],"curies":[{"name":"wp","href":"https:\/\/api.w.org\/{rel}","templated":true}]}}