{"id":1191156,"date":"2021-05-06T15:54:02","date_gmt":"2021-05-06T19:54:02","guid":{"rendered":"https:\/\/patientworthy.wpengine.com\/sindrome-de-carcinoma-nevoide-de-celulas-basales\/"},"modified":"2021-05-06T15:54:09","modified_gmt":"2021-05-06T19:54:09","slug":"sindrome-de-carcinoma-nevoide-de-celulas-basales","status":"publish","type":"page","link":"https:\/\/patientworthy.com\/es\/sindrome-de-carcinoma-nevoide-de-celulas-basales\/","title":{"rendered":"S\u00edndrome de Carcinoma Nevoide de C\u00e9lulas Basales"},"content":{"rendered":"\t\t<div data-elementor-type=\"wp-post\" data-elementor-id=\"1191156\" class=\"elementor elementor-1191156 elementor-386194\" data-elementor-post-type=\"page\">\n\t\t\t\t\t\t\t\t\t<section class=\"elementor-section elementor-top-section elementor-element elementor-element-bbed907 elementor-section-boxed elementor-section-height-default elementor-section-height-default\" data-id=\"bbed907\" data-element_type=\"section\">\n\t\t\t\t\t\t<div class=\"elementor-container elementor-column-gap-default\">\n\t\t\t\t\t<div class=\"elementor-column elementor-col-100 elementor-top-column elementor-element elementor-element-f7ef72a\" data-id=\"f7ef72a\" data-element_type=\"column\">\n\t\t\t<div class=\"elementor-widget-wrap elementor-element-populated\">\n\t\t\t\t\t\t\t\t<div class=\"elementor-element elementor-element-c87eccd elementor-widget elementor-widget-text-editor\" data-id=\"c87eccd\" data-element_type=\"widget\" data-widget_type=\"text-editor.default\">\n\t\t\t\t<div class=\"elementor-widget-container\">\n\t\t\t\t\t\t\t<h1>S\u00edndrome de Carcinoma Nevoide de C\u00e9lulas Basales (NBCCS)<\/h1>\n<h2>\u00bfQu\u00e9 es el s\u00edndrome del carcinoma nevoide de c\u00e9lulas basales?<\/h2>\n<p><span style=\"font-weight: 400;\">El s\u00edndrome del carcinoma nevoide de c\u00e9lulas basales (NBCCS, por sus siglas en Ingl\u00e9s) es una enfermedad gen\u00e9tica poco com\u00fan que se caracteriza por diversas discapacidades del desarrollo y una predisposici\u00f3n a c\u00e1nceres, como el carcinoma de c\u00e9lulas basales. <\/span><\/p>\n<p><span style=\"font-weight: 400;\">Los profesionales m\u00e9dicos no est\u00e1n seguros de la incidencia real de NBCCS, pero estiman que es alrededor de una de cada 30,000 personas. Sin embargo, este n\u00famero podr\u00eda ser m\u00e1s alto, ya que muchas causas podr\u00edan diagnosticarse err\u00f3neamente y no diagnosticarse.<\/span><\/p>\n<h4>\u00bfCu\u00e1les son los s\u00edntomas del s\u00edndrome del carcinoma nevoide de c\u00e9lulas basales?<\/h4>\n<p><span style=\"font-weight: 400;\">Los s\u00edntomas var\u00edan entre las personas afectadas, ya que diferentes partes del cuerpo pueden verse afectadas y los rangos de gravedad. <\/span><\/p>\n<p><span style=\"font-weight: 400;\">Un s\u00edntoma com\u00fan es el desarrollo de carcinoma de c\u00e9lulas basales, una forma de c\u00e1ncer de piel. Aparecer\u00e1n peque\u00f1as manchas que pueden ser de color carne, marrones o naranjas, y pueden sangrar o ulcerarse. Suelen aparecer en la cara, el pecho, la espalda y la nuca. <\/span><\/p>\n<p><span style=\"font-weight: 400;\">Tambi\u00e9n aparecen otros tumores, como los odontog\u00e9nicos queratoqu\u00edsticos. Suelen formarse en los huesos de la mand\u00edbula, provocando hinchaz\u00f3n, dolor, fracturas en los dientes, dientes flojos o dientes desplazados. En casos raros, las personas afectadas tambi\u00e9n han informado de meduloblastoma. Tambi\u00e9n pueden aparecer fibromas, quistes y p\u00f3lipos. <\/span><\/p>\n<p><span style=\"font-weight: 400;\">Otros s\u00edntomas comunes incluyen:<\/span><\/p>\n<ul>\n<li style=\"font-weight: 400;\"><span style=\"font-weight: 400;\">Peque\u00f1as fosas en las palmas de las manos y las plantas de los pies<\/span><\/li>\n<li style=\"font-weight: 400;\"><span style=\"font-weight: 400;\">Macrocefalia<\/span><\/li>\n<li style=\"font-weight: 400;\"><span style=\"font-weight: 400;\">Ser alto para un grupo de edad<\/span><\/li>\n<li style=\"font-weight: 400;\"><span style=\"font-weight: 400;\">Rasgos faciales distintivos<\/span><\/li>\n<li style=\"font-weight: 400;\"><span style=\"font-weight: 400;\">Cataratas<\/span><\/li>\n<li style=\"font-weight: 400;\"><span style=\"font-weight: 400;\">Movimientos r\u00e1pidos de los ojos<\/span><\/li>\n<li style=\"font-weight: 400;\"><span style=\"font-weight: 400;\">Coloboma<\/span><\/li>\n<li style=\"font-weight: 400;\"><span style=\"font-weight: 400;\">Ojos cruzados<\/span><\/li>\n<li style=\"font-weight: 400;\"><span style=\"font-weight: 400;\">Anomal\u00edas esquel\u00e9ticas, como escoliosis o costillas fusionadas<\/span><\/li>\n<li style=\"font-weight: 400;\"><span style=\"font-weight: 400;\">Discapacidad intelectual<\/span><\/li>\n<li style=\"font-weight: 400;\"><span style=\"font-weight: 400;\">Convulsiones<\/span><\/li>\n<li style=\"font-weight: 400;\"><span style=\"font-weight: 400;\">Anomal\u00edas renales menores<\/span><\/li>\n<li style=\"font-weight: 400;\"><span style=\"font-weight: 400;\">Endurecimiento de la piel<\/span><\/li>\n<\/ul>\n<h4>What causes nevoid basal cell carcinoma syndrome?<\/h4>\n<p><span style=\"font-weight: 400;\">La mayor\u00eda de los casos son causados por un gen PTCH1 mutado, que es un gen supresor de tumores. Se hereda con un patr\u00f3n autos\u00f3mico dominante, pero los profesionales m\u00e9dicos lo ven como un gen de \u00abdos efectos\u00bb. Esto significa que solo se necesita heredar una copia mutada para producir la mayor\u00eda de los s\u00edntomas, pero ambas copias deben ser anormales para que una persona desarrolle c\u00e1ncer. <\/span><\/p>\n<p><span style=\"font-weight: 400;\">Esto tambi\u00e9n puede aparecer como una mutaci\u00f3n espor\u00e1dica. De hecho, entre el 35 y el 50% de los casos son mutaciones nuevas. <\/span><\/p>\n<h4>\u00bfC\u00f3mo se diagnostica el s\u00edndrome del carcinoma nevoide de c\u00e9lulas basales?<\/h4>\n<p><span style=\"font-weight: 400;\">Los m\u00e9dicos diagnostican NBCCS ya sea detectando el gen mutado o identificando los s\u00edntomas caracter\u00edsticos. Tienen una lista de criterios y los pacientes deben cumplir con suficientes criterios para ser diagnosticados formalmente. Los criterios principales incluyen:<\/span><\/p>\n<ol>\n<li style=\"font-weight: 400;\"><span style=\"font-weight: 400;\">Familiar de primer grado con NBCCS<\/span><\/li>\n<li style=\"font-weight: 400;\"><span style=\"font-weight: 400;\">Tumores odontog\u00e9nicos queratoqu\u00edsticos<\/span><\/li>\n<li style=\"font-weight: 400;\"><span style=\"font-weight: 400;\">Dos o m\u00e1s hoyos en las palmas de las manos o las plantas de los pies<\/span><\/li>\n<li style=\"font-weight: 400;\"><span style=\"font-weight: 400;\">Calcificaci\u00f3n del falx cerebri<\/span><\/li>\n<li style=\"font-weight: 400;\"><span style=\"font-weight: 400;\">Carcinomas m\u00faltiples de c\u00e9lulas basales o un caso antes de los 20 a\u00f1os<\/span><\/li>\n<\/ol>\n<p><span style=\"font-weight: 400;\">Tambi\u00e9n realizar\u00e1n pruebas, como resonancia magn\u00e9tica, ecograf\u00eda abdominal, radiograf\u00eda, ecocardiograma y ecograf\u00eda de ovario. <\/span><\/p>\n<h4>\u00bfCu\u00e1les son los tratamientos para el s\u00edndrome del carcinoma nevoide de c\u00e9lulas basales?<\/h4>\n<p><span style=\"font-weight: 400;\">El tratamiento es sintom\u00e1tico. La cirug\u00eda para extirpar tumores es com\u00fan y los m\u00e9dicos decidir\u00e1n el tratamiento adicional del c\u00e1ncer en funci\u00f3n de varios factores. Dos medicamentos aprobados por la FDA tambi\u00e9n son opciones de tratamiento: sonidegib y vismodegib. <\/span><\/p>\n<p><span style=\"font-weight: 400;\">Para prevenir el carcinoma de c\u00e9lulas basales y otros c\u00e1nceres, los m\u00e9dicos recomiendan mantenerse alejado del sol, usar protector solar y ropa que brinde protecci\u00f3n solar. <\/span><\/p>\n<h4>\u00bfD\u00f3nde puedo encontrar m\u00e1s informaci\u00f3n sobre el s\u00edndrome del carcinoma nevoide de c\u00e9lulas basales?<\/h4>\n<ul>\n<li style=\"list-style-type: none;\">\n<ul>\n<li style=\"list-style-type: none;\">\n<ul>\n<li style=\"list-style-type: none;\">\n<ul>\n<li style=\"font-weight: 400;\"><a href=\"https:\/\/rarediseases.org\/rare-diseases\/nevoid-basal-cell-carcinoma-syndrome\/\" target=\"_blank\" rel=\"noopener\"><span style=\"font-weight: 400;\">NORD<\/span><\/a><\/li>\n<li style=\"font-weight: 400;\"><a href=\"https:\/\/www.cancer.net\/cancer-types\/nevoid-basal-cell-carcinoma-syndrome\" target=\"_blank\" rel=\"noopener\"><span style=\"font-weight: 400;\">ASCO<\/span><\/a><\/li>\n<li style=\"font-weight: 400;\"><a href=\"https:\/\/rarediseases.info.nih.gov\/diseases\/7166\/nevoid-basal-cell-carcinoma-syndrome\" target=\"_blank\" rel=\"noopener\"><span style=\"font-weight: 400;\">NIH<\/span><\/a><\/li>\n<\/ul>\n<\/li>\n<\/ul>\n<\/li>\n<\/ul>\n<\/li>\n<\/ul>\n\t\t\t\t\t\t<\/div>\n\t\t\t\t<\/div>\n\t\t\t\t\t<\/div>\n\t\t<\/div>\n\t\t\t\t\t\t\t<\/div>\n\t\t<\/section>\n\t\t\t\t<section class=\"elementor-section elementor-top-section elementor-element elementor-element-1b8771f elementor-section-boxed elementor-section-height-default elementor-section-height-default\" data-id=\"1b8771f\" data-element_type=\"section\">\n\t\t\t\t\t\t<div class=\"elementor-container elementor-column-gap-default\">\n\t\t\t\t\t<div class=\"elementor-column elementor-col-100 elementor-top-column elementor-element elementor-element-e56d816\" data-id=\"e56d816\" data-element_type=\"column\">\n\t\t\t<div class=\"elementor-widget-wrap elementor-element-populated\">\n\t\t\t\t\t\t\t\t<div class=\"elementor-element elementor-element-654b9f4 elementor-widget elementor-widget-heading\" data-id=\"654b9f4\" data-element_type=\"widget\" data-widget_type=\"heading.default\">\n\t\t\t\t<div class=\"elementor-widget-container\">\n\t\t\t<h2 class=\"elementor-heading-title elementor-size-default\">Art\u00edculos de NBCCS<\/h2>\t\t<\/div>\n\t\t\t\t<\/div>\n\t\t\t\t\t<\/div>\n\t\t<\/div>\n\t\t\t\t\t\t\t<\/div>\n\t\t<\/section>\n\t\t\t\t<section class=\"elementor-section elementor-top-section elementor-element elementor-element-cc4a6c0 elementor-section-boxed elementor-section-height-default elementor-section-height-default\" data-id=\"cc4a6c0\" data-element_type=\"section\">\n\t\t\t\t\t\t<div class=\"elementor-container elementor-column-gap-default\">\n\t\t\t\t\t<div class=\"elementor-column elementor-col-100 elementor-top-column elementor-element elementor-element-1e56a82\" data-id=\"1e56a82\" data-element_type=\"column\">\n\t\t\t<div class=\"elementor-widget-wrap elementor-element-populated\">\n\t\t\t\t\t\t\t\t<div class=\"elementor-element elementor-element-4965661 elementor-widget-divider--view-line elementor-widget elementor-widget-divider\" data-id=\"4965661\" data-element_type=\"widget\" data-widget_type=\"divider.default\">\n\t\t\t\t<div class=\"elementor-widget-container\">\n\t\t\t\t\t<div class=\"elementor-divider\">\n\t\t\t<span class=\"elementor-divider-separator\">\n\t\t\t\t\t\t<\/span>\n\t\t<\/div>\n\t\t\t\t<\/div>\n\t\t\t\t<\/div>\n\t\t\t\t\t<\/div>\n\t\t<\/div>\n\t\t\t\t\t\t\t<\/div>\n\t\t<\/section>\n\t\t\t\t<section class=\"elementor-section elementor-top-section elementor-element elementor-element-16f8fe8 elementor-section-boxed elementor-section-height-default elementor-section-height-default\" data-id=\"16f8fe8\" data-element_type=\"section\">\n\t\t\t\t\t\t<div class=\"elementor-container elementor-column-gap-default\">\n\t\t\t\t\t<div class=\"elementor-column elementor-col-100 elementor-top-column elementor-element elementor-element-ca16a05\" data-id=\"ca16a05\" data-element_type=\"column\">\n\t\t\t<div class=\"elementor-widget-wrap elementor-element-populated\">\n\t\t\t\t\t\t\t\t\t<\/div>\n\t\t<\/div>\n\t\t\t\t\t\t\t<\/div>\n\t\t<\/section>\n\t\t\t\t\t\t\t<\/div>\n\t\t","protected":false},"excerpt":{"rendered":"<p>S\u00edndrome de Carcinoma Nevoide de C\u00e9lulas Basales (NBCCS) \u00bfQu\u00e9 es el s\u00edndrome del carcinoma nevoide de c\u00e9lulas basales? El s\u00edndrome del carcinoma nevoide de c\u00e9lulas basales (NBCCS, por sus siglas en Ingl\u00e9s) es una enfermedad gen\u00e9tica poco com\u00fan que se caracteriza por diversas discapacidades del desarrollo y una predisposici\u00f3n a c\u00e1nceres, como el carcinoma de [&hellip;]<\/p>\n","protected":false},"author":1025,"featured_media":0,"parent":0,"menu_order":0,"comment_status":"open","ping_status":"open","template":"corns-page-tpl.php","meta":[],"_links":{"self":[{"href":"https:\/\/patientworthy.com\/es\/wp-json\/wp\/v2\/pages\/1191156"}],"collection":[{"href":"https:\/\/patientworthy.com\/es\/wp-json\/wp\/v2\/pages"}],"about":[{"href":"https:\/\/patientworthy.com\/es\/wp-json\/wp\/v2\/types\/page"}],"author":[{"embeddable":true,"href":"https:\/\/patientworthy.com\/es\/wp-json\/wp\/v2\/users\/1025"}],"replies":[{"embeddable":true,"href":"https:\/\/patientworthy.com\/es\/wp-json\/wp\/v2\/comments?post=1191156"}],"version-history":[{"count":0,"href":"https:\/\/patientworthy.com\/es\/wp-json\/wp\/v2\/pages\/1191156\/revisions"}],"wp:attachment":[{"href":"https:\/\/patientworthy.com\/es\/wp-json\/wp\/v2\/media?parent=1191156"}],"curies":[{"name":"wp","href":"https:\/\/api.w.org\/{rel}","templated":true}]}}