{"id":1191205,"date":"2021-05-06T16:05:26","date_gmt":"2021-05-06T20:05:26","guid":{"rendered":"https:\/\/patientworthy.wpengine.com\/blefaroespasmo\/"},"modified":"2021-05-06T16:06:20","modified_gmt":"2021-05-06T20:06:20","slug":"blefaroespasmo","status":"publish","type":"page","link":"https:\/\/patientworthy.com\/es\/blefaroespasmo\/","title":{"rendered":"Blefaroespasmo"},"content":{"rendered":"\t\t<div data-elementor-type=\"wp-post\" data-elementor-id=\"1191205\" class=\"elementor elementor-1191205 elementor-397761\" data-elementor-post-type=\"page\">\n\t\t\t\t\t\t\t\t\t<section class=\"elementor-section elementor-top-section elementor-element elementor-element-d9f89d4 elementor-section-boxed elementor-section-height-default elementor-section-height-default\" data-id=\"d9f89d4\" data-element_type=\"section\">\n\t\t\t\t\t\t<div class=\"elementor-container elementor-column-gap-default\">\n\t\t\t\t\t<div class=\"elementor-column elementor-col-100 elementor-top-column elementor-element elementor-element-0acd9ac\" data-id=\"0acd9ac\" data-element_type=\"column\">\n\t\t\t<div class=\"elementor-widget-wrap elementor-element-populated\">\n\t\t\t\t\t\t\t\t<div class=\"elementor-element elementor-element-87911f5 elementor-widget elementor-widget-text-editor\" data-id=\"87911f5\" data-element_type=\"widget\" data-widget_type=\"text-editor.default\">\n\t\t\t\t<div class=\"elementor-widget-container\">\n\t\t\t\t\t\t\t<h1>Blefaroespasmo<\/h1>\n<h2>\u00bfQu\u00e9 es el blefaroespasmo?<\/h2>\n<p><span style=\"font-weight: 400;\">El blefaroespasmo es un espasmo o un parpadeo anormal del p\u00e1rpado y es involuntario. <\/span><\/p>\n<h4>\u00bfCu\u00e1les son los s\u00edntomas del blefaroespasmo?<\/h4>\n<p><span style=\"font-weight: 400;\">Los s\u00edntomas iniciales pueden aparecer como un mayor parpadeo e irritaci\u00f3n en los ojos. A medida que avanzan, las personas afectadas pueden experimentar fatiga, sensibilidad a la luz y tensi\u00f3n emocional. Con el tiempo, aparecer\u00e1n los espasmos caracter\u00edsticos de la afecci\u00f3n. Los espasmos faciales pueden ser otro s\u00edntoma. <\/span><\/p>\n<h4>\u00bfQu\u00e9 causa el blefaroespasmo?<\/h4>\n<p><span style=\"font-weight: 400;\">Los profesionales m\u00e9dicos saben que existe algo anormal dentro de los ganglios basales, la parte del cerebro que controla los m\u00fasculos, pero no est\u00e1n seguros de qu\u00e9 es exactamente. En casos muy raros, existe un componente hereditario. <\/span><\/p>\n<h4>\u00bfC\u00f3mo se diagnostica el blefaroespasmo?<\/h4>\n<p><span style=\"font-weight: 400;\">El primer paso es una evaluaci\u00f3n cl\u00ednica, seguida de un examen f\u00edsico y neurol\u00f3gico y un electrodiagn\u00f3stico. Puede ser una condici\u00f3n dif\u00edcil de diagnosticar. <\/span><\/p>\n<h4>\u00bfCu\u00e1les son los tratamientos para el blefaroespasmo?<\/h4>\n<p><span style=\"font-weight: 400;\">Actualmente no existen curas para el blefaroespasmo, pero existen tratamientos que pueden reducir la frecuencia y severidad de los espasmos. Las opciones de tratamiento incluyen Botox, cirug\u00eda y medicamentos, aunque los medicamentos a menudo producen efectos secundarios inesperados. Las opciones alternativas son la acupuntura, la terapia nutricional, la biorretroalimentaci\u00f3n y la quiropr\u00e1ctica. <\/span><\/p>\n<h4>\u00bfD\u00f3nde puedo encontrar m\u00e1s informaci\u00f3n sobre el blefaroespasmo?<\/h4>\n<ul>\n<li style=\"list-style-type: none;\">\n<ul>\n<li style=\"list-style-type: none;\">\n<ul>\n<li style=\"font-weight: 400;\"><a href=\"https:\/\/www.nei.nih.gov\/learn-about-eye-health\/eye-conditions-and-diseases\/blepharospasm\" target=\"_blank\" rel=\"noopener\"><span style=\"font-weight: 400;\">Instituto Nacional del Ojo<\/span><\/a><\/li>\n<li style=\"font-weight: 400;\"><a href=\"https:\/\/www.aanem.org\/Patients\/Muscle-and-Nerve-Disorders\/Blepharospasm\" target=\"_blank\" rel=\"noopener\"><span style=\"font-weight: 400;\">Asociaci\u00f3n Americana de Medicina Neuromuscular y Electrodiagn\u00f3stica<\/span><\/a><\/li>\n<li style=\"font-weight: 400;\"><a href=\"https:\/\/rarediseases.org\/rare-diseases\/benign-essential-blepharospasm\/\" target=\"_blank\" rel=\"noopener\"><span style=\"font-weight: 400;\">NORD<\/span><\/a><\/li>\n<\/ul>\n<\/li>\n<\/ul>\n<\/li>\n<\/ul>\n\t\t\t\t\t\t<\/div>\n\t\t\t\t<\/div>\n\t\t\t\t\t<\/div>\n\t\t<\/div>\n\t\t\t\t\t\t\t<\/div>\n\t\t<\/section>\n\t\t\t\t<section class=\"elementor-section elementor-top-section elementor-element elementor-element-a7c13a5 elementor-section-boxed elementor-section-height-default elementor-section-height-default\" data-id=\"a7c13a5\" data-element_type=\"section\">\n\t\t\t\t\t\t<div class=\"elementor-container elementor-column-gap-default\">\n\t\t\t\t\t<div class=\"elementor-column elementor-col-100 elementor-top-column elementor-element elementor-element-e3fd953\" data-id=\"e3fd953\" data-element_type=\"column\">\n\t\t\t<div class=\"elementor-widget-wrap elementor-element-populated\">\n\t\t\t\t\t\t\t\t<div class=\"elementor-element elementor-element-86abed7 elementor-widget elementor-widget-heading\" data-id=\"86abed7\" data-element_type=\"widget\" data-widget_type=\"heading.default\">\n\t\t\t\t<div class=\"elementor-widget-container\">\n\t\t\t<h2 class=\"elementor-heading-title elementor-size-default\">Art\u00edculos Sobre Blefaroespasmo<\/h2>\t\t<\/div>\n\t\t\t\t<\/div>\n\t\t\t\t\t<\/div>\n\t\t<\/div>\n\t\t\t\t\t\t\t<\/div>\n\t\t<\/section>\n\t\t\t\t<section class=\"elementor-section elementor-top-section elementor-element elementor-element-c0639d3 elementor-section-boxed elementor-section-height-default elementor-section-height-default\" data-id=\"c0639d3\" data-element_type=\"section\">\n\t\t\t\t\t\t<div class=\"elementor-container elementor-column-gap-default\">\n\t\t\t\t\t<div class=\"elementor-column elementor-col-100 elementor-top-column elementor-element elementor-element-320b8ad\" data-id=\"320b8ad\" data-element_type=\"column\">\n\t\t\t<div class=\"elementor-widget-wrap elementor-element-populated\">\n\t\t\t\t\t\t\t\t<div class=\"elementor-element elementor-element-ec62d70 elementor-widget-divider--view-line elementor-widget elementor-widget-divider\" data-id=\"ec62d70\" data-element_type=\"widget\" data-widget_type=\"divider.default\">\n\t\t\t\t<div class=\"elementor-widget-container\">\n\t\t\t\t\t<div class=\"elementor-divider\">\n\t\t\t<span class=\"elementor-divider-separator\">\n\t\t\t\t\t\t<\/span>\n\t\t<\/div>\n\t\t\t\t<\/div>\n\t\t\t\t<\/div>\n\t\t\t\t\t<\/div>\n\t\t<\/div>\n\t\t\t\t\t\t\t<\/div>\n\t\t<\/section>\n\t\t\t\t<section class=\"elementor-section elementor-top-section elementor-element elementor-element-5ec1ca0 elementor-section-boxed elementor-section-height-default elementor-section-height-default\" data-id=\"5ec1ca0\" data-element_type=\"section\">\n\t\t\t\t\t\t<div class=\"elementor-container elementor-column-gap-default\">\n\t\t\t\t\t<div class=\"elementor-column elementor-col-100 elementor-top-column elementor-element elementor-element-81e3a49\" data-id=\"81e3a49\" data-element_type=\"column\">\n\t\t\t<div class=\"elementor-widget-wrap elementor-element-populated\">\n\t\t\t\t\t\t\t\t\t<\/div>\n\t\t<\/div>\n\t\t\t\t\t\t\t<\/div>\n\t\t<\/section>\n\t\t\t\t\t\t\t<\/div>\n\t\t","protected":false},"excerpt":{"rendered":"<p>Blefaroespasmo \u00bfQu\u00e9 es el blefaroespasmo? El blefaroespasmo es un espasmo o un parpadeo anormal del p\u00e1rpado y es involuntario. \u00bfCu\u00e1les son los s\u00edntomas del blefaroespasmo? Los s\u00edntomas iniciales pueden aparecer como un mayor parpadeo e irritaci\u00f3n en los ojos. A medida que avanzan, las personas afectadas pueden experimentar fatiga, sensibilidad a la luz y tensi\u00f3n [&hellip;]<\/p>\n","protected":false},"author":1025,"featured_media":0,"parent":0,"menu_order":0,"comment_status":"closed","ping_status":"closed","template":"corns-page-tpl.php","meta":[],"_links":{"self":[{"href":"https:\/\/patientworthy.com\/es\/wp-json\/wp\/v2\/pages\/1191205"}],"collection":[{"href":"https:\/\/patientworthy.com\/es\/wp-json\/wp\/v2\/pages"}],"about":[{"href":"https:\/\/patientworthy.com\/es\/wp-json\/wp\/v2\/types\/page"}],"author":[{"embeddable":true,"href":"https:\/\/patientworthy.com\/es\/wp-json\/wp\/v2\/users\/1025"}],"replies":[{"embeddable":true,"href":"https:\/\/patientworthy.com\/es\/wp-json\/wp\/v2\/comments?post=1191205"}],"version-history":[{"count":0,"href":"https:\/\/patientworthy.com\/es\/wp-json\/wp\/v2\/pages\/1191205\/revisions"}],"wp:attachment":[{"href":"https:\/\/patientworthy.com\/es\/wp-json\/wp\/v2\/media?parent=1191205"}],"curies":[{"name":"wp","href":"https:\/\/api.w.org\/{rel}","templated":true}]}}