{"id":1207334,"date":"2021-05-10T09:10:42","date_gmt":"2021-05-10T13:10:42","guid":{"rendered":"https:\/\/patientworthy.wpengine.com\/lipodistrofia-generalizada-adquirida\/"},"modified":"2021-05-10T09:11:11","modified_gmt":"2021-05-10T13:11:11","slug":"lipodistrofia-generalizada-adquirida","status":"publish","type":"page","link":"https:\/\/patientworthy.com\/es\/lipodistrofia-generalizada-adquirida\/","title":{"rendered":"Lipodistrofia Generalizada Adquirida"},"content":{"rendered":"\t\t<div data-elementor-type=\"wp-post\" data-elementor-id=\"1207334\" class=\"elementor elementor-1207334 elementor-400230\" data-elementor-post-type=\"page\">\n\t\t\t\t\t\t\t\t\t<section class=\"elementor-section elementor-top-section elementor-element elementor-element-48f8a12 elementor-section-boxed elementor-section-height-default elementor-section-height-default\" data-id=\"48f8a12\" data-element_type=\"section\">\n\t\t\t\t\t\t<div class=\"elementor-container elementor-column-gap-default\">\n\t\t\t\t\t<div class=\"elementor-column elementor-col-100 elementor-top-column elementor-element elementor-element-553d5e7\" data-id=\"553d5e7\" data-element_type=\"column\">\n\t\t\t<div class=\"elementor-widget-wrap elementor-element-populated\">\n\t\t\t\t\t\t\t\t<div class=\"elementor-element elementor-element-bae39d6 elementor-widget elementor-widget-text-editor\" data-id=\"bae39d6\" data-element_type=\"widget\" data-widget_type=\"text-editor.default\">\n\t\t\t\t<div class=\"elementor-widget-container\">\n\t\t\t\t\t\t\t<h1>Lipodistrofia Generalizada Adquirida (LGA)<\/h1>\n<h2>\u00bfQu\u00e9 es la lipodistrofia generalizada adquirida?<\/h2>\n<p><span style=\"font-weight: 400;\">La lipodistrofia generalizada adquirida (LGA), tambi\u00e9n conocida como s\u00edndrome de Lawrence, es una condici\u00f3n lipodistr\u00f3fica que se caracteriza por la p\u00e9rdida de tejido adiposo, una forma de tejido conectivo. Es una condici\u00f3n muy rara, que afecta a unas 100 personas en la literatura m\u00e9dica. Tambi\u00e9n tiende a afectar m\u00e1s a las mujeres que a los hombres. <\/span><\/p>\n<h4>\u00bfCu\u00e1les son los s\u00edntomas de la lipodistrofia generalizada adquirida?<\/h4>\n<p><span style=\"font-weight: 400;\">Los s\u00edntomas suelen progresar muy lentamente, pero el s\u00edntoma principal es la p\u00e9rdida de grasa. A medida que avanza la enfermedad, las personas afectadas pueden ver una p\u00e9rdida casi completa de grasa. Esto significa que los m\u00fasculos y las venas aparecen de manera muy prominente. Otros s\u00edntomas incluyen:<\/span><\/p>\n<ul>\n<li style=\"font-weight: 400;\"><span style=\"font-weight: 400;\">Un apetito feroz<\/span><\/li>\n<li style=\"font-weight: 400;\"><span style=\"font-weight: 400;\">Pigmentaci\u00f3n oscura en varias \u00e1reas del cuerpo.<\/span><\/li>\n<li style=\"font-weight: 400;\"><span style=\"font-weight: 400;\">Exceso de vello corporal<\/span><\/li>\n<li style=\"font-weight: 400;\"><span style=\"font-weight: 400;\">Quistes en los ovarios<\/span><\/li>\n<li style=\"font-weight: 400;\"><span style=\"font-weight: 400;\">Agrandamiento del h\u00edgado y el bazo.<\/span><\/li>\n<li style=\"font-weight: 400;\"><span style=\"font-weight: 400;\">Agrandamiento de los genitales<\/span><\/li>\n<\/ul>\n<p><span style=\"font-weight: 400;\">A menudo, otras afecciones tambi\u00e9n son causadas por AGL, como diabetes, vit\u00edligo, artritis reumatoide, tiroiditis y m\u00e1s. <\/span><\/p>\n<h4>\u00bfQu\u00e9 causa la lipodistrofia generalizada adquirida?<\/h4>\n<p><span style=\"font-weight: 400;\">Esta afecci\u00f3n puede aparecer en la infancia, la adolescencia o la edad adulta, lo que lleva a los profesionales m\u00e9dicos a creer que se adquiere. En algunos casos, un trastorno autoinmune es la causa de LGA, pero en otros es una infecci\u00f3n, como el sarampi\u00f3n o la hepatitis. <\/span><\/p>\n<h4>\u00bfC\u00f3mo se diagnostica la lipodistrofia generalizada adquirida?<\/h4>\n<p><span style=\"font-weight: 400;\">Los m\u00e9dicos comenzar\u00e1n con una evaluaci\u00f3n cl\u00ednica, la b\u00fasqueda de s\u00edntomas caracter\u00edsticos y el historial del paciente. A esto le siguen varias pruebas, como un perfil qu\u00edmico sangu\u00edneo, una biopsia renal y una resonancia magn\u00e9tica. <\/span><\/p>\n<h4>\u00bfCu\u00e1les son los tratamientos para la lipodistrofia generalizada adquirida?<\/h4>\n<p><span style=\"font-weight: 400;\">A menudo se requiere un equipo de especialistas para tratar mejor la LGA. Uno de los especialistas debe ser un terapeuta, ya que esta condici\u00f3n a menudo causa estr\u00e9s, ansiedad y depresi\u00f3n. <\/span><\/p>\n<p><span style=\"font-weight: 400;\">Los m\u00e9dicos tambi\u00e9n recomiendan una dieta alta en carbohidratos y baja en grasas, hacer ejercicio con regularidad y mantener un peso saludable. Otros tratamientos son sintom\u00e1ticos y est\u00e1n destinados a garantizar que no haya complicaciones. <\/span><\/p>\n<h4>\u00bfD\u00f3nde puedo encontrar m\u00e1s informaci\u00f3n sobre la lipodistrofia generalizada adquirida?<\/h4>\n<ul>\n<li style=\"list-style-type: none;\">\n<ul>\n<li style=\"font-weight: 400;\"><a href=\"https:\/\/rarediseases.info.nih.gov\/diseases\/12603\/acquired-generalized-lipodystrophy\" target=\"_blank\" rel=\"noopener\"><span style=\"font-weight: 400;\">NIH<\/span><\/a><\/li>\n<li style=\"font-weight: 400;\"><a href=\"https:\/\/www.utsouthwestern.edu\/media\/files\/2400\/Generalized-Lawrence-Syndrome.pdf\" target=\"_blank\" rel=\"noopener\"><span style=\"font-weight: 400;\">UT Southwestern<\/span><\/a><\/li>\n<li style=\"font-weight: 400;\"><a href=\"https:\/\/rarediseases.org\/rare-diseases\/acquired-lipodystrophy\/\" target=\"_blank\" rel=\"noopener\"><span style=\"font-weight: 400;\">NORD<\/span><\/a><\/li>\n<\/ul>\n<\/li>\n<\/ul>\n\t\t\t\t\t\t<\/div>\n\t\t\t\t<\/div>\n\t\t\t\t\t<\/div>\n\t\t<\/div>\n\t\t\t\t\t\t\t<\/div>\n\t\t<\/section>\n\t\t\t\t<section class=\"elementor-section elementor-top-section elementor-element elementor-element-05dce96 elementor-section-boxed elementor-section-height-default elementor-section-height-default\" data-id=\"05dce96\" data-element_type=\"section\">\n\t\t\t\t\t\t<div class=\"elementor-container elementor-column-gap-default\">\n\t\t\t\t\t<div class=\"elementor-column elementor-col-100 elementor-top-column elementor-element elementor-element-e786b67\" data-id=\"e786b67\" data-element_type=\"column\">\n\t\t\t<div class=\"elementor-widget-wrap elementor-element-populated\">\n\t\t\t\t\t\t\t\t<div class=\"elementor-element elementor-element-2015ed7 elementor-widget elementor-widget-heading\" data-id=\"2015ed7\" data-element_type=\"widget\" data-widget_type=\"heading.default\">\n\t\t\t\t<div class=\"elementor-widget-container\">\n\t\t\t<h2 class=\"elementor-heading-title elementor-size-default\">Art\u00edculos LGA<\/h2>\t\t<\/div>\n\t\t\t\t<\/div>\n\t\t\t\t\t<\/div>\n\t\t<\/div>\n\t\t\t\t\t\t\t<\/div>\n\t\t<\/section>\n\t\t\t\t<section class=\"elementor-section elementor-top-section elementor-element elementor-element-d672027 elementor-section-boxed elementor-section-height-default elementor-section-height-default\" data-id=\"d672027\" data-element_type=\"section\">\n\t\t\t\t\t\t<div class=\"elementor-container elementor-column-gap-default\">\n\t\t\t\t\t<div class=\"elementor-column elementor-col-100 elementor-top-column elementor-element elementor-element-972dfd6\" data-id=\"972dfd6\" data-element_type=\"column\">\n\t\t\t<div class=\"elementor-widget-wrap elementor-element-populated\">\n\t\t\t\t\t\t\t\t<div class=\"elementor-element elementor-element-5e14f6c elementor-widget-divider--view-line elementor-widget elementor-widget-divider\" data-id=\"5e14f6c\" data-element_type=\"widget\" data-widget_type=\"divider.default\">\n\t\t\t\t<div class=\"elementor-widget-container\">\n\t\t\t\t\t<div class=\"elementor-divider\">\n\t\t\t<span class=\"elementor-divider-separator\">\n\t\t\t\t\t\t<\/span>\n\t\t<\/div>\n\t\t\t\t<\/div>\n\t\t\t\t<\/div>\n\t\t\t\t\t<\/div>\n\t\t<\/div>\n\t\t\t\t\t\t\t<\/div>\n\t\t<\/section>\n\t\t\t\t<section class=\"elementor-section elementor-top-section elementor-element elementor-element-df03dc0 elementor-section-boxed elementor-section-height-default elementor-section-height-default\" data-id=\"df03dc0\" data-element_type=\"section\">\n\t\t\t\t\t\t<div class=\"elementor-container elementor-column-gap-default\">\n\t\t\t\t\t<div class=\"elementor-column elementor-col-100 elementor-top-column elementor-element elementor-element-ce44429\" data-id=\"ce44429\" data-element_type=\"column\">\n\t\t\t<div class=\"elementor-widget-wrap elementor-element-populated\">\n\t\t\t\t\t\t\t\t\t<\/div>\n\t\t<\/div>\n\t\t\t\t\t\t\t<\/div>\n\t\t<\/section>\n\t\t\t\t\t\t\t<\/div>\n\t\t","protected":false},"excerpt":{"rendered":"<p>Lipodistrofia Generalizada Adquirida (LGA) \u00bfQu\u00e9 es la lipodistrofia generalizada adquirida? La lipodistrofia generalizada adquirida (LGA), tambi\u00e9n conocida como s\u00edndrome de Lawrence, es una condici\u00f3n lipodistr\u00f3fica que se caracteriza por la p\u00e9rdida de tejido adiposo, una forma de tejido conectivo. Es una condici\u00f3n muy rara, que afecta a unas 100 personas en la literatura m\u00e9dica. Tambi\u00e9n [&hellip;]<\/p>\n","protected":false},"author":1025,"featured_media":0,"parent":0,"menu_order":0,"comment_status":"open","ping_status":"open","template":"corns-page-tpl.php","meta":[],"_links":{"self":[{"href":"https:\/\/patientworthy.com\/es\/wp-json\/wp\/v2\/pages\/1207334"}],"collection":[{"href":"https:\/\/patientworthy.com\/es\/wp-json\/wp\/v2\/pages"}],"about":[{"href":"https:\/\/patientworthy.com\/es\/wp-json\/wp\/v2\/types\/page"}],"author":[{"embeddable":true,"href":"https:\/\/patientworthy.com\/es\/wp-json\/wp\/v2\/users\/1025"}],"replies":[{"embeddable":true,"href":"https:\/\/patientworthy.com\/es\/wp-json\/wp\/v2\/comments?post=1207334"}],"version-history":[{"count":0,"href":"https:\/\/patientworthy.com\/es\/wp-json\/wp\/v2\/pages\/1207334\/revisions"}],"wp:attachment":[{"href":"https:\/\/patientworthy.com\/es\/wp-json\/wp\/v2\/media?parent=1207334"}],"curies":[{"name":"wp","href":"https:\/\/api.w.org\/{rel}","templated":true}]}}