{"id":1207805,"date":"2021-05-10T11:11:52","date_gmt":"2021-05-10T15:11:52","guid":{"rendered":"https:\/\/patientworthy.wpengine.com\/hiponatremia\/"},"modified":"2021-05-10T11:12:24","modified_gmt":"2021-05-10T15:12:24","slug":"hiponatremia","status":"publish","type":"page","link":"https:\/\/patientworthy.com\/es\/hiponatremia\/","title":{"rendered":"Hiponatremia"},"content":{"rendered":"\t\t<div data-elementor-type=\"wp-post\" data-elementor-id=\"1207805\" class=\"elementor elementor-1207805 elementor-435818\" data-elementor-post-type=\"page\">\n\t\t\t\t\t\t\t\t\t<section class=\"elementor-section elementor-top-section elementor-element elementor-element-5d73643 elementor-section-boxed elementor-section-height-default elementor-section-height-default\" data-id=\"5d73643\" data-element_type=\"section\">\n\t\t\t\t\t\t<div class=\"elementor-container elementor-column-gap-default\">\n\t\t\t\t\t<div class=\"elementor-column elementor-col-100 elementor-top-column elementor-element elementor-element-e335059\" data-id=\"e335059\" data-element_type=\"column\">\n\t\t\t<div class=\"elementor-widget-wrap elementor-element-populated\">\n\t\t\t\t\t\t\t\t<div class=\"elementor-element elementor-element-6dadf5b elementor-widget elementor-widget-text-editor\" data-id=\"6dadf5b\" data-element_type=\"widget\" data-widget_type=\"text-editor.default\">\n\t\t\t\t<div class=\"elementor-widget-container\">\n\t\t\t\t\t\t\t<h1>Hiponatremia <\/h1>\n<h2>\u00bfQu\u00e9 es la hiponatremia? <\/h2>\n<p><span style=\"font-weight: 400;\">La hiponatremia ocurre cuando los niveles de sodio en la sangre son anormalmente bajos. Cuando los niveles de sodio se diluyen, los niveles de agua aumentan y hacen que las c\u00e9lulas se hinchen. Esta hinchaz\u00f3n puede causar s\u00edntomas de leves a graves. <\/span><\/p>\n<h4>\u00bfCu\u00e1les son los s\u00edntomas de la hiponatremia?<\/h4>\n<p><span style=\"font-weight: 400;\">Los s\u00edntomas incluyen: <\/span><\/p>\n<ul>\n<li style=\"font-weight: 400;\"><span style=\"font-weight: 400;\">Confusi\u00f3n<\/span><\/li>\n<li style=\"font-weight: 400;\"><span style=\"font-weight: 400;\">Dolor de cabeza<\/span><\/li>\n<li style=\"font-weight: 400;\"><span style=\"font-weight: 400;\">Inquietud<\/span><\/li>\n<li style=\"font-weight: 400;\"><span style=\"font-weight: 400;\">Irritabilidad<\/span><\/li>\n<li style=\"font-weight: 400;\"><span style=\"font-weight: 400;\">N\u00e1usea<\/span><\/li>\n<li style=\"font-weight: 400;\"><span style=\"font-weight: 400;\">V\u00f3mitos<\/span><\/li>\n<li style=\"font-weight: 400;\"><span style=\"font-weight: 400;\">Fatiga\/p\u00e9rdida de energ\u00eda<\/span><\/li>\n<li style=\"font-weight: 400;\"><span style=\"font-weight: 400;\">Debilidad muscular<\/span><\/li>\n<li style=\"font-weight: 400;\"><span style=\"font-weight: 400;\">Espasmos<\/span><\/li>\n<li style=\"font-weight: 400;\"><span style=\"font-weight: 400;\">Obst\u00e1culo<\/span><\/li>\n<li style=\"font-weight: 400;\"><span style=\"font-weight: 400;\">Convulsiones<\/span><\/li>\n<li style=\"font-weight: 400;\"><span style=\"font-weight: 400;\">Coma <\/span><\/li>\n<\/ul>\n<h4>\u00bfQu\u00e9 causa la hiponatremia?<\/h4>\n<p><span style=\"font-weight: 400;\">Hay muchas condiciones o razones subyacentes que conducen a la hiponatremia. \u00c9stos incluyen:<\/span><\/p>\n<ul>\n<li style=\"font-weight: 400;\"><span style=\"font-weight: 400;\">Problemas con el h\u00edgado, los ri\u00f1ones y el coraz\u00f3n.<\/span><\/li>\n<li style=\"font-weight: 400;\"><span style=\"font-weight: 400;\">Beber cantidades excesivas de agua.<\/span><\/li>\n<li style=\"font-weight: 400;\"><span style=\"font-weight: 400;\">Ciertos medicamentos<\/span><\/li>\n<li style=\"font-weight: 400;\"><span style=\"font-weight: 400;\">Uso de \u00e9xtasis<\/span><\/li>\n<li style=\"font-weight: 400;\"><span style=\"font-weight: 400;\">Cambios hormonales<\/span><\/li>\n<li style=\"font-weight: 400;\"><span style=\"font-weight: 400;\">Deshidrataci\u00f3n severa, que puede ser causada por v\u00f3mitos, diarrea u otra cosa.<\/span><\/li>\n<li style=\"font-weight: 400;\"><span style=\"font-weight: 400;\">S\u00edndrome de hormona antidiur\u00e9tica inapropiada (SIADH)<\/span><\/li>\n<\/ul>\n<p><span style=\"font-weight: 400;\">Tambi\u00e9n existen factores de riesgo que aumentan la probabilidad de desarrollar hiponatremia, como tomar ciertos medicamentos, realizar actividades f\u00edsicas intensivas, tener una afecci\u00f3n que reduce la excreci\u00f3n de agua del cuerpo y ser una persona mayor. <\/span><\/p>\n<h4>\u00bfC\u00f3mo se diagnostica la hiponatremia?<\/h4>\n<p><span style=\"font-weight: 400;\">Los m\u00e9dicos primero pedir\u00e1n el historial m\u00e9dico, seguido de un examen f\u00edsico. Ser\u00e1n necesarios an\u00e1lisis de sangre y orina para confirmar un diagn\u00f3stico. <\/span><\/p>\n<h4>\u00bfCu\u00e1les son los tratamientos para la hiponatremia?<\/h4>\n<p><span style=\"font-weight: 400;\">El primer paso del tratamiento es abordar la causa subyacente. Los m\u00e9dicos pueden sugerir reducir el consumo de l\u00edquidos o medicamentos para aumentar los niveles de sodio. Si el caso es grave, un m\u00e9dico puede recomendar l\u00edquidos o medicamentos por v\u00eda intravenosa para controlar los s\u00edntomas. <\/span><\/p>\n<p><span style=\"font-weight: 400;\">Hay formas de prevenir esta afecci\u00f3n. Es importante buscar tratamiento para cualquier condici\u00f3n asociada para que no conduzca a hiponatremia, inf\u00f3rmese sobre la hiponatremia si tiene una condici\u00f3n o toma ciertos medicamentos, beba bebidas deportivas como Gatorade en lugar de agua durante la actividad f\u00edsica intensa, tome otras precauciones durante la ejercicio intenso y beber agua con moderaci\u00f3n. <\/span><\/p>\n<h4>\u00bfD\u00f3nde puedo encontrar m\u00e1s informaci\u00f3n sobre la hiponatremia?<\/h4>\n<ul>\n<li style=\"list-style-type: none;\">\n<ul>\n<li style=\"font-weight: 400;\"><a href=\"https:\/\/www.mayoclinic.org\/diseases-conditions\/hyponatremia\/symptoms-causes\/syc-20373711#:~:text=Hyponatremia%20occurs%20when%20the%20concentration,in%20and%20around%20your%20cells.\" target=\"_blank\" rel=\"noopener\"><span style=\"font-weight: 400;\">Mayo Clinic<\/span><\/a><\/li>\n<li style=\"font-weight: 400;\"><a href=\"https:\/\/medlineplus.gov\/ency\/article\/000394.htm\" target=\"_blank\" rel=\"noopener\"><span style=\"font-weight: 400;\">Biblioteca Nacional de Medicina de EE. UU.<\/span><\/a><\/li>\n<li style=\"font-weight: 400;\"><a href=\"https:\/\/www.healthline.com\/health\/hyponatremia\" target=\"_blank\" rel=\"noopener\"><span style=\"font-weight: 400;\">Healthline<\/span><\/a><\/li>\n<\/ul>\n<\/li>\n<\/ul>\n\t\t\t\t\t\t<\/div>\n\t\t\t\t<\/div>\n\t\t\t\t\t<\/div>\n\t\t<\/div>\n\t\t\t\t\t\t\t<\/div>\n\t\t<\/section>\n\t\t\t\t<section class=\"elementor-section elementor-top-section elementor-element elementor-element-20f85f9 elementor-section-boxed elementor-section-height-default elementor-section-height-default\" data-id=\"20f85f9\" data-element_type=\"section\">\n\t\t\t\t\t\t<div class=\"elementor-container elementor-column-gap-default\">\n\t\t\t\t\t<div class=\"elementor-column elementor-col-100 elementor-top-column elementor-element elementor-element-2a532c9\" data-id=\"2a532c9\" data-element_type=\"column\">\n\t\t\t<div class=\"elementor-widget-wrap elementor-element-populated\">\n\t\t\t\t\t\t\t\t<div class=\"elementor-element elementor-element-342ff06 elementor-widget elementor-widget-heading\" data-id=\"342ff06\" data-element_type=\"widget\" data-widget_type=\"heading.default\">\n\t\t\t\t<div class=\"elementor-widget-container\">\n\t\t\t<h2 class=\"elementor-heading-title elementor-size-default\">Art\u00edculos sobre Hiponatremia<\/h2>\t\t<\/div>\n\t\t\t\t<\/div>\n\t\t\t\t\t<\/div>\n\t\t<\/div>\n\t\t\t\t\t\t\t<\/div>\n\t\t<\/section>\n\t\t\t\t<section class=\"elementor-section elementor-top-section elementor-element elementor-element-c43b60e elementor-section-boxed elementor-section-height-default elementor-section-height-default\" data-id=\"c43b60e\" data-element_type=\"section\">\n\t\t\t\t\t\t<div class=\"elementor-container elementor-column-gap-default\">\n\t\t\t\t\t<div class=\"elementor-column elementor-col-100 elementor-top-column elementor-element elementor-element-80b8491\" data-id=\"80b8491\" data-element_type=\"column\">\n\t\t\t<div class=\"elementor-widget-wrap elementor-element-populated\">\n\t\t\t\t\t\t\t\t<div class=\"elementor-element elementor-element-1799534 elementor-widget-divider--view-line elementor-widget elementor-widget-divider\" data-id=\"1799534\" data-element_type=\"widget\" data-widget_type=\"divider.default\">\n\t\t\t\t<div class=\"elementor-widget-container\">\n\t\t\t\t\t<div class=\"elementor-divider\">\n\t\t\t<span class=\"elementor-divider-separator\">\n\t\t\t\t\t\t<\/span>\n\t\t<\/div>\n\t\t\t\t<\/div>\n\t\t\t\t<\/div>\n\t\t\t\t\t<\/div>\n\t\t<\/div>\n\t\t\t\t\t\t\t<\/div>\n\t\t<\/section>\n\t\t\t\t<section class=\"elementor-section elementor-top-section elementor-element elementor-element-fc882c2 elementor-section-boxed elementor-section-height-default elementor-section-height-default\" data-id=\"fc882c2\" data-element_type=\"section\">\n\t\t\t\t\t\t<div class=\"elementor-container elementor-column-gap-default\">\n\t\t\t\t\t<div class=\"elementor-column elementor-col-100 elementor-top-column elementor-element elementor-element-878762a\" data-id=\"878762a\" data-element_type=\"column\">\n\t\t\t<div class=\"elementor-widget-wrap elementor-element-populated\">\n\t\t\t\t\t\t\t\t\t<\/div>\n\t\t<\/div>\n\t\t\t\t\t\t\t<\/div>\n\t\t<\/section>\n\t\t\t\t\t\t\t<\/div>\n\t\t","protected":false},"excerpt":{"rendered":"<p>Hiponatremia \u00bfQu\u00e9 es la hiponatremia? La hiponatremia ocurre cuando los niveles de sodio en la sangre son anormalmente bajos. Cuando los niveles de sodio se diluyen, los niveles de agua aumentan y hacen que las c\u00e9lulas se hinchen. Esta hinchaz\u00f3n puede causar s\u00edntomas de leves a graves. \u00bfCu\u00e1les son los s\u00edntomas de la hiponatremia? Los [&hellip;]<\/p>\n","protected":false},"author":1025,"featured_media":0,"parent":0,"menu_order":0,"comment_status":"open","ping_status":"open","template":"corns-page-tpl.php","meta":[],"_links":{"self":[{"href":"https:\/\/patientworthy.com\/es\/wp-json\/wp\/v2\/pages\/1207805"}],"collection":[{"href":"https:\/\/patientworthy.com\/es\/wp-json\/wp\/v2\/pages"}],"about":[{"href":"https:\/\/patientworthy.com\/es\/wp-json\/wp\/v2\/types\/page"}],"author":[{"embeddable":true,"href":"https:\/\/patientworthy.com\/es\/wp-json\/wp\/v2\/users\/1025"}],"replies":[{"embeddable":true,"href":"https:\/\/patientworthy.com\/es\/wp-json\/wp\/v2\/comments?post=1207805"}],"version-history":[{"count":0,"href":"https:\/\/patientworthy.com\/es\/wp-json\/wp\/v2\/pages\/1207805\/revisions"}],"wp:attachment":[{"href":"https:\/\/patientworthy.com\/es\/wp-json\/wp\/v2\/media?parent=1207805"}],"curies":[{"name":"wp","href":"https:\/\/api.w.org\/{rel}","templated":true}]}}