{"id":1217531,"date":"2021-05-12T14:06:03","date_gmt":"2021-05-12T18:06:03","guid":{"rendered":"https:\/\/patientworthy.wpengine.com\/partners\/mission-cure\/"},"modified":"2021-05-12T14:06:15","modified_gmt":"2021-05-12T18:06:15","slug":"mission-cure","status":"publish","type":"page","link":"https:\/\/patientworthy.com\/es\/partners\/mission-cure\/","title":{"rendered":"Mission: Cure"},"content":{"rendered":"\t\t<div data-elementor-type=\"wp-post\" data-elementor-id=\"1217531\" class=\"elementor elementor-1217531 elementor-463017\" data-elementor-post-type=\"page\">\n\t\t\t\t\t\t\t\t\t<section class=\"elementor-section elementor-top-section elementor-element elementor-element-5206be2d elementor-section-boxed elementor-section-height-default elementor-section-height-default\" data-id=\"5206be2d\" data-element_type=\"section\">\n\t\t\t\t\t\t<div class=\"elementor-container elementor-column-gap-default\">\n\t\t\t\t\t<div class=\"elementor-column elementor-col-33 elementor-top-column elementor-element elementor-element-4f664ead\" data-id=\"4f664ead\" data-element_type=\"column\">\n\t\t\t<div class=\"elementor-widget-wrap elementor-element-populated\">\n\t\t\t\t\t\t\t\t<div class=\"elementor-element elementor-element-57b26ced elementor-widget elementor-widget-image\" data-id=\"57b26ced\" data-element_type=\"widget\" data-widget_type=\"image.default\">\n\t\t\t\t<div class=\"elementor-widget-container\">\n\t\t\t\t\t\t\t\t\t\t\t\t\t\t\t\t<a href=\"https:\/\/mission-cure.org\/\">\n\t\t\t\t\t\t\t<img width=\"300\" height=\"51\" src=\"https:\/\/patientworthy.com\/wp-content\/uploads\/2020\/11\/mission-cure-updated-logo-300x51.jpg\" class=\"attachment-medium size-medium wp-image-463099\" alt=\"\" srcset=\"https:\/\/patientworthy.com\/wp-content\/uploads\/2020\/11\/mission-cure-updated-logo-300x51.jpg 300w, https:\/\/patientworthy.com\/wp-content\/uploads\/2020\/11\/mission-cure-updated-logo-150x26.jpg 150w, https:\/\/patientworthy.com\/wp-content\/uploads\/2020\/11\/mission-cure-updated-logo-768x131.jpg 768w, https:\/\/patientworthy.com\/wp-content\/uploads\/2020\/11\/mission-cure-updated-logo.jpg 1005w\" sizes=\"(max-width: 300px) 100vw, 300px\" \/>\t\t\t\t\t\t\t\t<\/a>\n\t\t\t\t\t\t\t\t\t\t\t\t\t\t\t<\/div>\n\t\t\t\t<\/div>\n\t\t\t\t\t<\/div>\n\t\t<\/div>\n\t\t\t\t<div class=\"elementor-column elementor-col-66 elementor-top-column elementor-element elementor-element-36979861\" data-id=\"36979861\" data-element_type=\"column\">\n\t\t\t<div class=\"elementor-widget-wrap elementor-element-populated\">\n\t\t\t\t\t\t\t\t<div class=\"elementor-element elementor-element-e245b elementor-widget elementor-widget-heading\" data-id=\"e245b\" data-element_type=\"widget\" data-widget_type=\"heading.default\">\n\t\t\t\t<div class=\"elementor-widget-container\">\n\t\t\t<h1 class=\"elementor-heading-title elementor-size-large\">Mission: Cure<\/h1>\t\t<\/div>\n\t\t\t\t<\/div>\n\t\t\t\t<div class=\"elementor-element elementor-element-ab70e18 elementor-widget elementor-widget-text-editor\" data-id=\"ab70e18\" data-element_type=\"widget\" data-widget_type=\"text-editor.default\">\n\t\t\t\t<div class=\"elementor-widget-container\">\n\t\t\t\t\t\t\t<h2 style=\"margin: 0in 0in 5.25pt; line-height: 32.25pt;\"><span style=\"font-size: 22.5pt; font-family: 'cera-pro-medium',serif; color: black; font-weight: normal;\">Misi\u00f3n<\/span><\/h2>\n<p style=\"margin-left: 0in; text-indent: -0.25in;\"><span style=\"font-size: 10.0pt; mso-bidi-font-size: 13.5pt; font-family: Symbol; mso-fareast-font-family: Symbol; mso-bidi-font-family: Symbol; color: black;\"><span style=\"font: 7.0pt 'Times New Roman';\">        <\/span><\/span><span style=\"font-size: 13.5pt; font-family: 'cera-pro-medium',serif; color: black;\">Comenzando con la pancreatitis cr\u00f3nica, estamos comprometidos a promover nuevas terapias y acelerar una cura para enfermedades debilitantes e intratables, dentro de diez a\u00f1os.<\/span><\/p>\n<h2 style=\"margin: 0in 0in 5.25pt; line-height: 32.25pt;\"><span style=\"font-size: 22.5pt; font-family: 'cera-pro-medium',serif; color: black; font-weight: normal;\">Visi\u00f3n<\/span><\/h2>\n<p style=\"margin-left: 0in; text-indent: -0.25in;\"><span style=\"font-size: 10.0pt; mso-bidi-font-size: 13.5pt; font-family: Symbol; mso-fareast-font-family: Symbol; mso-bidi-font-family: Symbol; color: black;\"><span style=\"font: 7.0pt 'Times New Roman';\">         <\/span><\/span><span style=\"font-size: 13.5pt; font-family: 'cera-pro-medium',serif; color: black;\">Imaginamos un mundo en el que las personas que padecen pancreatitis y otras enfermedades debilitantes e intratables pueden contar con tratamientos que salvan vidas, en lugar de sufrir en aislamiento sin esperanza.<\/span><\/p>\n<\/p>\n<p style=\"margin: 0in 0in 0.0001pt;\"><span style=\"font-size: 13.5pt; font-family: 'cera-pro-medium',serif; color: black;\">Servimos a los pacientes y las comunidades afectadas por pancreatitis cr\u00f3nica y aguda recurrente. Nuestro impacto se extiende a la investigaci\u00f3n de enfermedades y la atenci\u00f3n m\u00e9dica, aplicando modelos de financiamiento innovadores para promover nuevas terapias y curas.<\/span><\/p>\n\t\t\t\t\t\t<\/div>\n\t\t\t\t<\/div>\n\t\t\t\t<div class=\"elementor-element elementor-element-772c52b4 elementor-widget elementor-widget-button\" data-id=\"772c52b4\" data-element_type=\"widget\" data-widget_type=\"button.default\">\n\t\t\t\t<div class=\"elementor-widget-container\">\n\t\t\t\t\t<div class=\"elementor-button-wrapper\">\n\t\t\t<a class=\"elementor-button elementor-button-link elementor-size-md\" href=\"https:\/\/mission-cure.org\/\" target=\"_blank\">\n\t\t\t\t\t\t<span class=\"elementor-button-content-wrapper\">\n\t\t\t\t\t\t<span class=\"elementor-button-text\">Ver m\u00e1s<\/span>\n\t\t<\/span>\n\t\t\t\t\t<\/a>\n\t\t<\/div>\n\t\t\t\t<\/div>\n\t\t\t\t<\/div>\n\t\t\t\t\t<\/div>\n\t\t<\/div>\n\t\t\t\t\t\t\t<\/div>\n\t\t<\/section>\n\t\t\t\t<section class=\"elementor-section elementor-top-section elementor-element elementor-element-54b574d6 elementor-section-boxed elementor-section-height-default elementor-section-height-default\" data-id=\"54b574d6\" data-element_type=\"section\">\n\t\t\t\t\t\t<div class=\"elementor-container elementor-column-gap-default\">\n\t\t\t\t\t<div class=\"elementor-column elementor-col-100 elementor-top-column elementor-element elementor-element-6ceab67\" data-id=\"6ceab67\" data-element_type=\"column\">\n\t\t\t<div class=\"elementor-widget-wrap elementor-element-populated\">\n\t\t\t\t\t\t\t\t<div class=\"elementor-element elementor-element-26e90abf elementor-widget elementor-widget-heading\" data-id=\"26e90abf\" data-element_type=\"widget\" data-widget_type=\"heading.default\">\n\t\t\t\t<div class=\"elementor-widget-container\">\n\t\t\t<h2 class=\"elementor-heading-title elementor-size-large\">Concienciaci\u00f3n y Defensa de la Condici\u00f3n<\/h2>\t\t<\/div>\n\t\t\t\t<\/div>\n\t\t\t\t<div class=\"elementor-element elementor-element-5f64bea6 elementor-widget elementor-widget-text-editor\" data-id=\"5f64bea6\" data-element_type=\"widget\" data-widget_type=\"text-editor.default\">\n\t\t\t\t<div class=\"elementor-widget-container\">\n\t\t\t\t\t\t\t<p>Aqu\u00ed hay una lista de condiciones por las que este socio crea conciencia y defensa:<\/p>\n<p><span style=\"color: #3366ff;\"><strong><a style=\"color: #3366ff;\" href=\"https:\/\/mission-cure.org\/target-chronic-pancreatitis\/\"><span style=\"font-family: cera-pro-medium; font-size: 18px; font-style: normal; font-variant-ligatures: normal; font-variant-caps: normal;\">Pancreatitis Cr\u00f3nica<\/span><\/a><\/strong><\/span><\/p>\n\t\t\t\t\t\t<\/div>\n\t\t\t\t<\/div>\n\t\t\t\t\t<\/div>\n\t\t<\/div>\n\t\t\t\t\t\t\t<\/div>\n\t\t<\/section>\n\t\t\t\t<section class=\"elementor-section elementor-top-section elementor-element elementor-element-5ddd1a18 elementor-section-boxed elementor-section-height-default elementor-section-height-default\" data-id=\"5ddd1a18\" data-element_type=\"section\">\n\t\t\t\t\t\t<div class=\"elementor-container elementor-column-gap-default\">\n\t\t\t\t\t<div class=\"elementor-column elementor-col-100 elementor-top-column elementor-element elementor-element-4725e93\" data-id=\"4725e93\" data-element_type=\"column\">\n\t\t\t<div class=\"elementor-widget-wrap elementor-element-populated\">\n\t\t\t\t\t\t\t\t<div class=\"elementor-element elementor-element-4e4cf88d elementor-widget elementor-widget-heading\" data-id=\"4e4cf88d\" data-element_type=\"widget\" data-widget_type=\"heading.default\">\n\t\t\t\t<div class=\"elementor-widget-container\">\n\t\t\t<h2 class=\"elementor-heading-title elementor-size-large\">Recursos y Apoyo<\/h2>\t\t<\/div>\n\t\t\t\t<\/div>\n\t\t\t\t<section class=\"elementor-section elementor-inner-section elementor-element elementor-element-146243a8 elementor-section-boxed elementor-section-height-default elementor-section-height-default\" data-id=\"146243a8\" data-element_type=\"section\">\n\t\t\t\t\t\t<div class=\"elementor-container elementor-column-gap-default\">\n\t\t\t\t\t<div class=\"elementor-column elementor-col-25 elementor-inner-column elementor-element elementor-element-7394d005\" data-id=\"7394d005\" data-element_type=\"column\">\n\t\t\t<div class=\"elementor-widget-wrap elementor-element-populated\">\n\t\t\t\t\t\t\t\t<div class=\"elementor-element elementor-element-274394c4 elementor-widget elementor-widget-image\" data-id=\"274394c4\" data-element_type=\"widget\" data-widget_type=\"image.default\">\n\t\t\t\t<div class=\"elementor-widget-container\">\n\t\t\t\t\t\t\t\t\t\t\t\t\t\t\t<img width=\"150\" height=\"150\" src=\"https:\/\/patientworthy.com\/wp-content\/uploads\/2018\/02\/homepage_icon-150x150.jpg\" class=\"attachment-thumbnail size-thumbnail wp-image-89819\" alt=\"\" srcset=\"https:\/\/patientworthy.com\/wp-content\/uploads\/2018\/02\/homepage_icon-150x150.png 150w, https:\/\/patientworthy.com\/wp-content\/uploads\/2018\/02\/homepage_icon.jpg 210w\" sizes=\"(max-width: 150px) 100vw, 150px\" \/>\t\t\t\t\t\t\t\t\t\t\t\t\t\t\t<\/div>\n\t\t\t\t<\/div>\n\t\t\t\t<div class=\"elementor-element elementor-element-c2bc219 elementor-widget elementor-widget-text-editor\" data-id=\"c2bc219\" data-element_type=\"widget\" data-widget_type=\"text-editor.default\">\n\t\t\t\t<div class=\"elementor-widget-container\">\n\t\t\t\t\t\t\t<p style=\"text-align: center;\"><a href=\"https:\/\/mission-cure.org\/\">P\u00e1gina principal<\/a><\/p>\n\t\t\t\t\t\t<\/div>\n\t\t\t\t<\/div>\n\t\t\t\t\t<\/div>\n\t\t<\/div>\n\t\t\t\t<div class=\"elementor-column elementor-col-25 elementor-inner-column elementor-element elementor-element-37f950bd\" data-id=\"37f950bd\" data-element_type=\"column\">\n\t\t\t<div class=\"elementor-widget-wrap elementor-element-populated\">\n\t\t\t\t\t\t\t\t<div class=\"elementor-element elementor-element-3219daf1 elementor-widget elementor-widget-image\" data-id=\"3219daf1\" data-element_type=\"widget\" data-widget_type=\"image.default\">\n\t\t\t\t<div class=\"elementor-widget-container\">\n\t\t\t\t\t\t\t\t\t\t\t\t\t\t\t<img width=\"150\" height=\"150\" src=\"https:\/\/patientworthy.com\/wp-content\/uploads\/2018\/02\/about_icon-150x150.jpg\" class=\"attachment-thumbnail size-thumbnail wp-image-89824\" alt=\"\" srcset=\"https:\/\/patientworthy.com\/wp-content\/uploads\/2018\/02\/about_icon-150x150.png 150w, https:\/\/patientworthy.com\/wp-content\/uploads\/2018\/02\/about_icon.jpg 210w\" sizes=\"(max-width: 150px) 100vw, 150px\" \/>\t\t\t\t\t\t\t\t\t\t\t\t\t\t\t<\/div>\n\t\t\t\t<\/div>\n\t\t\t\t<div class=\"elementor-element elementor-element-7c35f5e1 elementor-widget elementor-widget-text-editor\" data-id=\"7c35f5e1\" data-element_type=\"widget\" data-widget_type=\"text-editor.default\">\n\t\t\t\t<div class=\"elementor-widget-container\">\n\t\t\t\t\t\t\t<p style=\"text-align: center;\"><a href=\"https:\/\/mission-cure.org\/about-us\/\">Sobre<\/a><\/p>\n\t\t\t\t\t\t<\/div>\n\t\t\t\t<\/div>\n\t\t\t\t\t<\/div>\n\t\t<\/div>\n\t\t\t\t<div class=\"elementor-column elementor-col-25 elementor-inner-column elementor-element elementor-element-38149bc\" data-id=\"38149bc\" data-element_type=\"column\">\n\t\t\t<div class=\"elementor-widget-wrap elementor-element-populated\">\n\t\t\t\t\t\t\t\t<div class=\"elementor-element elementor-element-61f4886c elementor-widget elementor-widget-image\" data-id=\"61f4886c\" data-element_type=\"widget\" data-widget_type=\"image.default\">\n\t\t\t\t<div class=\"elementor-widget-container\">\n\t\t\t\t\t\t\t\t\t\t\t\t\t\t\t<img loading=\"lazy\" width=\"150\" height=\"150\" src=\"https:\/\/patientworthy.com\/wp-content\/uploads\/2018\/02\/donate_icon-150x150.jpg\" class=\"attachment-thumbnail size-thumbnail wp-image-89821\" alt=\"\" srcset=\"https:\/\/patientworthy.com\/wp-content\/uploads\/2018\/02\/donate_icon-150x150.png 150w, https:\/\/patientworthy.com\/wp-content\/uploads\/2018\/02\/donate_icon.jpg 210w\" sizes=\"(max-width: 150px) 100vw, 150px\" \/>\t\t\t\t\t\t\t\t\t\t\t\t\t\t\t<\/div>\n\t\t\t\t<\/div>\n\t\t\t\t<div class=\"elementor-element elementor-element-5975119 elementor-widget elementor-widget-text-editor\" data-id=\"5975119\" data-element_type=\"widget\" data-widget_type=\"text-editor.default\">\n\t\t\t\t<div class=\"elementor-widget-container\">\n\t\t\t\t\t\t\t<p style=\"text-align: center;\"><a href=\"https:\/\/mission-cure.org\/donate\/\">Donar<\/a><\/p>\n\t\t\t\t\t\t<\/div>\n\t\t\t\t<\/div>\n\t\t\t\t\t<\/div>\n\t\t<\/div>\n\t\t\t\t<div class=\"elementor-column elementor-col-25 elementor-inner-column elementor-element elementor-element-381cd42\" data-id=\"381cd42\" data-element_type=\"column\">\n\t\t\t<div class=\"elementor-widget-wrap elementor-element-populated\">\n\t\t\t\t\t\t\t\t<div class=\"elementor-element elementor-element-3da036d7 elementor-widget elementor-widget-image\" data-id=\"3da036d7\" data-element_type=\"widget\" data-widget_type=\"image.default\">\n\t\t\t\t<div class=\"elementor-widget-container\">\n\t\t\t\t\t\t\t\t\t\t\t\t\t\t\t<img loading=\"lazy\" width=\"150\" height=\"150\" src=\"https:\/\/patientworthy.com\/wp-content\/uploads\/2018\/02\/newsletter_icon-150x150.jpg\" class=\"attachment-thumbnail size-thumbnail wp-image-89818\" alt=\"\" srcset=\"https:\/\/patientworthy.com\/wp-content\/uploads\/2018\/02\/newsletter_icon-150x150.png 150w, https:\/\/patientworthy.com\/wp-content\/uploads\/2018\/02\/newsletter_icon.jpg 210w\" sizes=\"(max-width: 150px) 100vw, 150px\" \/>\t\t\t\t\t\t\t\t\t\t\t\t\t\t\t<\/div>\n\t\t\t\t<\/div>\n\t\t\t\t<div class=\"elementor-element elementor-element-1a6e0729 elementor-widget elementor-widget-text-editor\" data-id=\"1a6e0729\" data-element_type=\"widget\" data-widget_type=\"text-editor.default\">\n\t\t\t\t<div class=\"elementor-widget-container\">\n\t\t\t\t\t\t\t<p style=\"text-align: center;\"><a href=\"https:\/\/mission-cure.org\/news-and-events\/\">Noticias y Eventos<\/a><\/p>\n\t\t\t\t\t\t<\/div>\n\t\t\t\t<\/div>\n\t\t\t\t\t<\/div>\n\t\t<\/div>\n\t\t\t\t\t\t\t<\/div>\n\t\t<\/section>\n\t\t\t\t\t<\/div>\n\t\t<\/div>\n\t\t\t\t\t\t\t<\/div>\n\t\t<\/section>\n\t\t\t\t<section class=\"elementor-section elementor-top-section elementor-element elementor-element-67c474b7 elementor-section-boxed elementor-section-height-default elementor-section-height-default\" data-id=\"67c474b7\" data-element_type=\"section\">\n\t\t\t\t\t\t<div class=\"elementor-container elementor-column-gap-default\">\n\t\t\t\t\t<div class=\"elementor-column elementor-col-100 elementor-top-column elementor-element elementor-element-6d8f2522\" data-id=\"6d8f2522\" data-element_type=\"column\">\n\t\t\t<div class=\"elementor-widget-wrap elementor-element-populated\">\n\t\t\t\t\t\t\t\t<div class=\"elementor-element elementor-element-66b9934d elementor-widget elementor-widget-heading\" data-id=\"66b9934d\" data-element_type=\"widget\" data-widget_type=\"heading.default\">\n\t\t\t\t<div class=\"elementor-widget-container\">\n\t\t\t<h2 class=\"elementor-heading-title elementor-size-large\">Con\u00e9ctate con Mission: Cure<\/h2>\t\t<\/div>\n\t\t\t\t<\/div>\n\t\t\t\t<section class=\"elementor-section elementor-inner-section elementor-element elementor-element-1b29cc7f elementor-section-boxed elementor-section-height-default elementor-section-height-default\" data-id=\"1b29cc7f\" data-element_type=\"section\">\n\t\t\t\t\t\t<div class=\"elementor-container elementor-column-gap-default\">\n\t\t\t\t\t<div class=\"elementor-column elementor-col-20 elementor-inner-column elementor-element elementor-element-51b9f954\" data-id=\"51b9f954\" data-element_type=\"column\">\n\t\t\t<div class=\"elementor-widget-wrap elementor-element-populated\">\n\t\t\t\t\t\t\t\t<div class=\"elementor-element elementor-element-137901 elementor-view-default elementor-widget elementor-widget-icon\" data-id=\"137901\" data-element_type=\"widget\" data-widget_type=\"icon.default\">\n\t\t\t\t<div class=\"elementor-widget-container\">\n\t\t\t\t\t<div class=\"elementor-icon-wrapper\">\n\t\t\t<a class=\"elementor-icon\" href=\"https:\/\/www.facebook.com\/MissionCureCP\/\" target=\"_blank\">\n\t\t\t<i aria-hidden=\"true\" class=\"fab fa-facebook-square\"><\/i>\t\t\t<\/a>\n\t\t<\/div>\n\t\t\t\t<\/div>\n\t\t\t\t<\/div>\n\t\t\t\t\t<\/div>\n\t\t<\/div>\n\t\t\t\t<div class=\"elementor-column elementor-col-20 elementor-inner-column elementor-element elementor-element-4f79c7ae\" data-id=\"4f79c7ae\" data-element_type=\"column\">\n\t\t\t<div class=\"elementor-widget-wrap elementor-element-populated\">\n\t\t\t\t\t\t\t\t<div class=\"elementor-element elementor-element-3e6c003a elementor-view-default elementor-widget elementor-widget-icon\" data-id=\"3e6c003a\" data-element_type=\"widget\" data-widget_type=\"icon.default\">\n\t\t\t\t<div class=\"elementor-widget-container\">\n\t\t\t\t\t<div class=\"elementor-icon-wrapper\">\n\t\t\t<a class=\"elementor-icon\" href=\"https:\/\/twitter.com\/Mission_Cure\" target=\"_blank\">\n\t\t\t<i aria-hidden=\"true\" class=\"fab fa-twitter-square\"><\/i>\t\t\t<\/a>\n\t\t<\/div>\n\t\t\t\t<\/div>\n\t\t\t\t<\/div>\n\t\t\t\t\t<\/div>\n\t\t<\/div>\n\t\t\t\t<div class=\"elementor-column elementor-col-20 elementor-inner-column elementor-element elementor-element-49230e52\" data-id=\"49230e52\" data-element_type=\"column\">\n\t\t\t<div class=\"elementor-widget-wrap elementor-element-populated\">\n\t\t\t\t\t\t\t\t<div class=\"elementor-element elementor-element-963f3a4 elementor-view-default elementor-widget elementor-widget-icon\" data-id=\"963f3a4\" data-element_type=\"widget\" data-widget_type=\"icon.default\">\n\t\t\t\t<div class=\"elementor-widget-container\">\n\t\t\t\t\t<div class=\"elementor-icon-wrapper\">\n\t\t\t<a class=\"elementor-icon\" href=\"https:\/\/www.instagram.com\/mission_cure\/?hl=en\">\n\t\t\t<i aria-hidden=\"true\" class=\"fab fa-instagram\"><\/i>\t\t\t<\/a>\n\t\t<\/div>\n\t\t\t\t<\/div>\n\t\t\t\t<\/div>\n\t\t\t\t\t<\/div>\n\t\t<\/div>\n\t\t\t\t<div class=\"elementor-column elementor-col-20 elementor-inner-column elementor-element elementor-element-46a61a63\" data-id=\"46a61a63\" data-element_type=\"column\">\n\t\t\t<div class=\"elementor-widget-wrap elementor-element-populated\">\n\t\t\t\t\t\t\t\t<div class=\"elementor-element elementor-element-b4b7383 elementor-view-default elementor-widget elementor-widget-icon\" data-id=\"b4b7383\" data-element_type=\"widget\" data-widget_type=\"icon.default\">\n\t\t\t\t<div class=\"elementor-widget-container\">\n\t\t\t\t\t<div class=\"elementor-icon-wrapper\">\n\t\t\t<a class=\"elementor-icon\" href=\"https:\/\/www.linkedin.com\/company\/mission-cure\/\">\n\t\t\t<i aria-hidden=\"true\" class=\"fab fa-linkedin\"><\/i>\t\t\t<\/a>\n\t\t<\/div>\n\t\t\t\t<\/div>\n\t\t\t\t<\/div>\n\t\t\t\t\t<\/div>\n\t\t<\/div>\n\t\t\t\t<div class=\"elementor-column elementor-col-20 elementor-inner-column elementor-element elementor-element-85fb611\" data-id=\"85fb611\" data-element_type=\"column\">\n\t\t\t<div class=\"elementor-widget-wrap\">\n\t\t\t\t\t\t\t\t\t<\/div>\n\t\t<\/div>\n\t\t\t\t\t\t\t<\/div>\n\t\t<\/section>\n\t\t\t\t\t<\/div>\n\t\t<\/div>\n\t\t\t\t\t\t\t<\/div>\n\t\t<\/section>\n\t\t\t\t<section class=\"elementor-section elementor-top-section elementor-element elementor-element-13142d14 elementor-section-boxed elementor-section-height-default elementor-section-height-default\" data-id=\"13142d14\" data-element_type=\"section\">\n\t\t\t\t\t\t<div class=\"elementor-container elementor-column-gap-default\">\n\t\t\t\t\t<div class=\"elementor-column elementor-col-100 elementor-top-column elementor-element elementor-element-3c79e98d\" data-id=\"3c79e98d\" data-element_type=\"column\">\n\t\t\t<div class=\"elementor-widget-wrap elementor-element-populated\">\n\t\t\t\t\t\t\t\t<div class=\"elementor-element elementor-element-44c73487 elementor-widget elementor-widget-heading\" data-id=\"44c73487\" data-element_type=\"widget\" data-widget_type=\"heading.default\">\n\t\t\t\t<div class=\"elementor-widget-container\">\n\t\t\t<h2 class=\"elementor-heading-title elementor-size-large\">\u00a1Pr\u00f3ximamente Publicaciones de Patient Worthy Sobre Pancreatitis!<\/h2>\t\t<\/div>\n\t\t\t\t<\/div>\n\t\t\t\t\t<\/div>\n\t\t<\/div>\n\t\t\t\t\t\t\t<\/div>\n\t\t<\/section>\n\t\t\t\t\t\t\t<\/div>\n\t\t","protected":false},"excerpt":{"rendered":"<p>Mission: Cure Misi\u00f3n Comenzando con la pancreatitis cr\u00f3nica, estamos comprometidos a promover nuevas terapias y acelerar una cura para enfermedades debilitantes e intratables, dentro de diez a\u00f1os. Visi\u00f3n Imaginamos un mundo en el que las personas que padecen pancreatitis y otras enfermedades debilitantes e intratables pueden contar con tratamientos que salvan vidas, en lugar de [&hellip;]<\/p>\n","protected":false},"author":18,"featured_media":0,"parent":110681,"menu_order":0,"comment_status":"closed","ping_status":"closed","template":"","meta":[],"_links":{"self":[{"href":"https:\/\/patientworthy.com\/es\/wp-json\/wp\/v2\/pages\/1217531"}],"collection":[{"href":"https:\/\/patientworthy.com\/es\/wp-json\/wp\/v2\/pages"}],"about":[{"href":"https:\/\/patientworthy.com\/es\/wp-json\/wp\/v2\/types\/page"}],"author":[{"embeddable":true,"href":"https:\/\/patientworthy.com\/es\/wp-json\/wp\/v2\/users\/18"}],"replies":[{"embeddable":true,"href":"https:\/\/patientworthy.com\/es\/wp-json\/wp\/v2\/comments?post=1217531"}],"version-history":[{"count":0,"href":"https:\/\/patientworthy.com\/es\/wp-json\/wp\/v2\/pages\/1217531\/revisions"}],"up":[{"embeddable":true,"href":"https:\/\/patientworthy.com\/es\/wp-json\/wp\/v2\/pages\/110681"}],"wp:attachment":[{"href":"https:\/\/patientworthy.com\/es\/wp-json\/wp\/v2\/media?parent=1217531"}],"curies":[{"name":"wp","href":"https:\/\/api.w.org\/{rel}","templated":true}]}}