{"id":119612,"date":"2019-01-24T02:46:42","date_gmt":"2019-01-24T07:46:42","guid":{"rendered":"https:\/\/patientworthy.wpengine.com\/?page_id=119612"},"modified":"2020-11-12T12:55:21","modified_gmt":"2020-11-12T17:55:21","slug":"about-us","status":"publish","type":"page","link":"https:\/\/patientworthy.com\/fr\/about-us\/","title":{"rendered":"\u00c0 propos de nous"},"content":{"rendered":"<h2>Patient Worthy\u00ae est une publication en ligne qui fournit des informations pertinentes aux patients atteints de maladies rares, aux soignants et aux d\u00e9fenseurs.<\/h2>\n<p>Par le biais de l&rsquo;\u00e9ducation, de la sensibilisation et d\u2019un peu d&rsquo;humour, notre objectif est d&rsquo;inspirer les membres de la communaut\u00e9 des maladies rares \u00e0 s&rsquo;attaquer \u00e0 leurs maladies chroniques, en sachant qu&rsquo;ils ne sont pas tous seuls pendant cette lutte. Nous recherchons de nouvelles options de traitement, soutenons la sensibilisation et encourageons des conversations qui sont parfois d\u00e9licates.<\/p>\n<p>Chez Patient Worthy, si nous n&rsquo;apprenons pas \u00e0 vivre nous-m\u00eames avec une maladie chronique ou une maladie rare, nous aimons ou travaillons avec quelqu&rsquo;un qui l&rsquo;est. C&rsquo;est gr\u00e2ce \u00e0 cette perspective, \u00e0 ces recherches et \u00e0 notre passion pour la sensibilisation aux maladies rares que nous vous pr\u00e9sentons des Actualit\u00e9s sur les Patients Rares. Bien faits.\u00ae (notre slogan en anglais : <em>Rare Patient News. Well Done.<sup>\u00ae<\/sup><\/em> )<\/p>\n<h1>Vous voulez nous parler de votre exp\u00e9rience sur \u00ab Patient Worthy \u00bb ?<\/h1>\n<p>Nous partageons des histoires, cultivons une communaut\u00e9 forte, fournissons les derni\u00e8res d\u00e9couvertes m\u00e9dicales, relions les gens et nous sommes les pionniers de la production d&rsquo;informations des patients. Devenez membre de l\u2019\u00e9quipe en nous parlant un peu de vous !<\/p>\n<p>Devenez <a href=\"https:\/\/patientworthy.com\/submit-content\/\">contributeur<\/a> en nous contactant \u00e0 <a href=\"contribute@patientworthy.com\">contribute@patientworthy.com<\/a>. Ou si vous ne voulez pas \u00e9crire, suivez-nous sur<a href=\"http:\/\/www.twitter.com\/patientworthy\"> Twitter<\/a> et <a href=\"http:\/\/www.facebook.com\/patientworthy\">Facebook<\/a>. Et bien s\u00fbr, partagez vos opinions sur nos articles dans la section des commentaires sous chaque article.<\/p>\n<h2>Faites-vous la promotion des droits des personnes atteintes de maladies rares\u00a0?<\/h2>\n<p>Devenez un <a href=\"https:\/\/patientworthy.com\/partners\">associ\u00e9<\/a> ! Nous sommes heureux de pr\u00e9senter vos \u00e9v\u00e9nements sur notre <a href=\"https:\/\/patientworthy.com\/what-is-patient-worthy-for-this-month\/\">page d&rsquo;\u00e9v\u00e9nements<\/a>, de pr\u00e9senter des patients, des recherches ou des collectes de fonds. Contactez <a href=\"Kathy@patientworthy.com\">Kathy@patientworthy.com<\/a> pour plus de d\u00e9tails.<\/p>\n<p>Nous voulons lire vos commentaires, afin que ce site puisse \u00eatre la meilleure source d&rsquo;informations sur les maladies rares pour vous. Envoyez un e-mail \u00e0 <a href=\"ideas@patientworthy.com\">ideas@patientworthy.com<\/a> pour proposer des suggestions.<\/p>\n<blockquote><p>Vous voulez des nouvelles ? Abonnez-vous \u00e0 notre bulletin d&rsquo;information en cliquant <a href=\"https:\/\/patientworthy.com\/newsletter-sign-up\/\">ici<\/a> !<\/p><\/blockquote>\n<div class=\"elementor-element elementor-element-ace3425 elementor-widget elementor-widget-theme-post-content\" data-id=\"ace3425\" data-element_type=\"widget\" data-widget_type=\"theme-post-content.default\">\n<hr \/>\n<\/div>\n<div class=\"elementor-element elementor-element-8268f3f elementor-widget elementor-widget-divider\" data-id=\"8268f3f\" data-element_type=\"widget\" data-widget_type=\"divider.default\">\n<div class=\"elementor-widget-container\">\n<div class=\"elementor-divider\">\n<h4 class=\"p1\" style=\"text-align: center;\">C\u2019est notre meilleur essaie pour traduire des infos sur les maladies rares dans votre langue. Nous savons qu\u2019il est possible que cette traduction ne saisisse pas avec pr\u00e9cision toutes les nuances de votre langue maternelle, donc si vous avez des corrections ou des suggestions, veuillez nous les envoyer \u00e0 l\u2019adresse suivante : <a href=\"mailto:contribute@patientworthy.com\"><span class=\"s1\">contribute@patientworthy.com<\/span><\/a>.<\/h4>\n<\/div>\n<\/div>\n<\/div>\n","protected":false},"excerpt":{"rendered":"<p>Patient Worthy\u00ae est une publication en ligne qui fournit des informations pertinentes aux patients atteints de maladies rares, aux soignants et aux d\u00e9fenseurs. Par le biais de l&rsquo;\u00e9ducation, de la sensibilisation et d\u2019un peu d&rsquo;humour, notre objectif est d&rsquo;inspirer les membres de la communaut\u00e9 des maladies rares \u00e0 s&rsquo;attaquer \u00e0 leurs maladies chroniques, en sachant [&hellip;]<\/p>\n","protected":false},"author":161,"featured_media":0,"parent":0,"menu_order":0,"comment_status":"closed","ping_status":"closed","template":"","meta":[],"_links":{"self":[{"href":"https:\/\/patientworthy.com\/fr\/wp-json\/wp\/v2\/pages\/119612"}],"collection":[{"href":"https:\/\/patientworthy.com\/fr\/wp-json\/wp\/v2\/pages"}],"about":[{"href":"https:\/\/patientworthy.com\/fr\/wp-json\/wp\/v2\/types\/page"}],"author":[{"embeddable":true,"href":"https:\/\/patientworthy.com\/fr\/wp-json\/wp\/v2\/users\/161"}],"replies":[{"embeddable":true,"href":"https:\/\/patientworthy.com\/fr\/wp-json\/wp\/v2\/comments?post=119612"}],"version-history":[{"count":0,"href":"https:\/\/patientworthy.com\/fr\/wp-json\/wp\/v2\/pages\/119612\/revisions"}],"wp:attachment":[{"href":"https:\/\/patientworthy.com\/fr\/wp-json\/wp\/v2\/media?parent=119612"}],"curies":[{"name":"wp","href":"https:\/\/api.w.org\/{rel}","templated":true}]}}