{"id":119664,"date":"2019-01-24T04:21:37","date_gmt":"2019-01-24T09:21:37","guid":{"rendered":"https:\/\/patientworthy.wpengine.com\/?page_id=119664"},"modified":"2020-11-12T12:43:38","modified_gmt":"2020-11-12T17:43:38","slug":"collaborative-content-on-patient-worthy","status":"publish","type":"page","link":"https:\/\/patientworthy.com\/fr\/collaborative-content-on-patient-worthy\/","title":{"rendered":"Contenu collaboratif sur Patient Worthy"},"content":{"rendered":"\t\t<div data-elementor-type=\"wp-post\" data-elementor-id=\"119664\" class=\"elementor elementor-119664 elementor-93479\" data-elementor-post-type=\"page\">\n\t\t\t\t\t\t\t\t\t<section class=\"elementor-section elementor-top-section elementor-element elementor-element-7930a9f7 elementor-section-boxed elementor-section-height-default elementor-section-height-default\" data-id=\"7930a9f7\" data-element_type=\"section\">\n\t\t\t\t\t\t<div class=\"elementor-container elementor-column-gap-default\">\n\t\t\t\t\t<div class=\"elementor-column elementor-col-100 elementor-top-column elementor-element elementor-element-5847cc11\" data-id=\"5847cc11\" data-element_type=\"column\">\n\t\t\t<div class=\"elementor-widget-wrap elementor-element-populated\">\n\t\t\t\t\t\t\t\t<div class=\"elementor-element elementor-element-72fb2394 elementor-widget elementor-widget-text-editor\" data-id=\"72fb2394\" data-element_type=\"widget\" data-widget_type=\"text-editor.default\">\n\t\t\t\t<div class=\"elementor-widget-container\">\n\t\t\t\t\t\t\t<h1><img fetchpriority=\"high\" class=\"alignnone wp-image-18822\" src=\"http:\/\/dev.pworthy.webfactional.com\/wp-content\/uploads\/2016\/03\/PW_WebBanner_patientworthy_1068x712-1-300x200.png\" alt=\"\" width=\"720\" height=\"480\" srcset=\"https:\/\/patientworthy.com\/wp-content\/uploads\/2016\/03\/PW_WebBanner_patientworthy_1068x712-1-300x200.png 300w, https:\/\/patientworthy.com\/wp-content\/uploads\/2016\/03\/PW_WebBanner_patientworthy_1068x712-1-150x100.png 150w, https:\/\/patientworthy.com\/wp-content\/uploads\/2016\/03\/PW_WebBanner_patientworthy_1068x712-1-768x512.png 768w, https:\/\/patientworthy.com\/wp-content\/uploads\/2016\/03\/PW_WebBanner_patientworthy_1068x712-1.png 1024w, https:\/\/patientworthy.com\/wp-content\/uploads\/2016\/03\/PW_WebBanner_patientworthy_1068x712-1-696x464.png 696w\" sizes=\"(max-width: 720px) 100vw, 720px\" \/><\/h1><h1>Our mission is to amplify the rare condition voice. One of the ways we achieve that is through collaborations across the community, from patients and caregivers to industry leaders in treatment research and development.<\/h1><h3>In this vein, Patient Worthy will publish sponsored rare disease content that impacts our community, on behalf of other organizations. We hope these efforts will achieve improved awareness, communication and engagement across the rare disease world.<\/h3><h3>Sponsored content ranges from promoting events on our events calendar, to publishing, curating or creating content on behalf of an organization. While we may promote events on behalf of an organization, we are not involved in the event planning or hosting, unless otherwise noted.<\/h3><h1>All sponsored and promotional content must embody our mission of providing relevant, vetted and valuable information to our rare disease audience. Any promotional collaboration will be highlighted in the post, with the name of the sponsoring organization. On social media, a collaboration will be indicated with #Collab.<\/h1><p><span style=\"color: #333333; font-size: 20px; font-weight: 600;\">To learn more about our collaborations, contact <\/span><a style=\"font-size: 20px; font-weight: 600; background-color: #ffffff;\" href=\"mailto:Collaborations@patientworthy.com\" target=\"_blank\" rel=\"noopener\">Collaborations@patientworthy.com<\/a><span style=\"color: #333333; font-size: 20px; font-weight: 600;\">.<\/span><\/p>\t\t\t\t\t\t<\/div>\n\t\t\t\t<\/div>\n\t\t\t\t\t<\/div>\n\t\t<\/div>\n\t\t\t\t\t\t\t<\/div>\n\t\t<\/section>\n\t\t\t\t<section class=\"elementor-section elementor-top-section elementor-element elementor-element-5fe7589 elementor-section-boxed elementor-section-height-default elementor-section-height-default\" data-id=\"5fe7589\" data-element_type=\"section\">\n\t\t\t\t\t\t<div class=\"elementor-container elementor-column-gap-default\">\n\t\t\t\t\t<div class=\"elementor-column elementor-col-100 elementor-top-column elementor-element elementor-element-abf3841\" data-id=\"abf3841\" data-element_type=\"column\">\n\t\t\t<div class=\"elementor-widget-wrap elementor-element-populated\">\n\t\t\t\t\t\t\t\t<div class=\"elementor-element elementor-element-90b6127 elementor-widget elementor-widget-heading\" data-id=\"90b6127\" data-element_type=\"widget\" data-widget_type=\"heading.default\">\n\t\t\t\t<div class=\"elementor-widget-container\">\n\t\t\t<h2 class=\"elementor-heading-title elementor-size-default\">Latest Patient Worthy Articles<\/h2>\t\t<\/div>\n\t\t\t\t<\/div>\n\t\t\t\t\t<\/div>\n\t\t<\/div>\n\t\t\t\t\t\t\t<\/div>\n\t\t<\/section>\n\t\t\t\t<section class=\"elementor-section elementor-top-section elementor-element elementor-element-4da9960 elementor-section-boxed elementor-section-height-default elementor-section-height-default\" data-id=\"4da9960\" data-element_type=\"section\">\n\t\t\t\t\t\t<div class=\"elementor-container elementor-column-gap-default\">\n\t\t\t\t\t<div class=\"elementor-column elementor-col-100 elementor-top-column elementor-element elementor-element-b918088\" data-id=\"b918088\" data-element_type=\"column\">\n\t\t\t<div class=\"elementor-widget-wrap elementor-element-populated\">\n\t\t\t\t\t\t\t\t<div class=\"elementor-element elementor-element-a1734a6 elementor-widget-divider--view-line elementor-widget elementor-widget-divider\" data-id=\"a1734a6\" data-element_type=\"widget\" data-widget_type=\"divider.default\">\n\t\t\t\t<div class=\"elementor-widget-container\">\n\t\t\t\t\t<div class=\"elementor-divider\">\n\t\t\t<span class=\"elementor-divider-separator\">\n\t\t\t\t\t\t<\/span>\n\t\t<\/div>\n\t\t\t\t<\/div>\n\t\t\t\t<\/div>\n\t\t\t\t\t<\/div>\n\t\t<\/div>\n\t\t\t\t\t\t\t<\/div>\n\t\t<\/section>\n\t\t\t\t<section class=\"elementor-section elementor-top-section elementor-element elementor-element-d618f23 elementor-section-boxed elementor-section-height-default elementor-section-height-default\" data-id=\"d618f23\" data-element_type=\"section\">\n\t\t\t\t\t\t<div class=\"elementor-container elementor-column-gap-default\">\n\t\t\t\t\t<div class=\"elementor-column elementor-col-100 elementor-top-column elementor-element elementor-element-99b16c3\" data-id=\"99b16c3\" data-element_type=\"column\">\n\t\t\t<div class=\"elementor-widget-wrap elementor-element-populated\">\n\t\t\t\t\t\t\t\t<div class=\"elementor-element elementor-element-4cd50cf elementor-grid-4 elementor-grid-tablet-2 elementor-grid-mobile-1 elementor-posts--thumbnail-top elementor-widget elementor-widget-posts\" data-id=\"4cd50cf\" data-element_type=\"widget\" data-settings=\"{&quot;classic_columns&quot;:&quot;4&quot;,&quot;classic_columns_tablet&quot;:&quot;2&quot;,&quot;classic_columns_mobile&quot;:&quot;1&quot;,&quot;classic_row_gap&quot;:{&quot;unit&quot;:&quot;px&quot;,&quot;size&quot;:35,&quot;sizes&quot;:[]},&quot;classic_row_gap_tablet&quot;:{&quot;unit&quot;:&quot;px&quot;,&quot;size&quot;:&quot;&quot;,&quot;sizes&quot;:[]},&quot;classic_row_gap_mobile&quot;:{&quot;unit&quot;:&quot;px&quot;,&quot;size&quot;:&quot;&quot;,&quot;sizes&quot;:[]}}\" data-widget_type=\"posts.classic\">\n\t\t\t\t<div class=\"elementor-widget-container\">\n\t\t\t\t\t<div class=\"elementor-posts-container elementor-posts elementor-posts--skin-classic elementor-grid\">\n\t\t\t\t<article class=\"elementor-post elementor-grid-item post-1524180 post type-post status-publish format-standard has-post-thumbnail hentry category-francais-2 entry has-media\">\n\t\t\t\t<a class=\"elementor-post__thumbnail__link\" href=\"https:\/\/patientworthy.com\/fr\/2021\/07\/31\/vo659-pour-sca-obtient-la-designation-de-medicament-orphelin\/\" tabindex=\"-1\" >\n\t\t\t<div class=\"elementor-post__thumbnail\"><img width=\"289\" height=\"300\" src=\"https:\/\/patientworthy.com\/wp-content\/uploads\/2019\/12\/drug_1575474850-289x300.png\" class=\"attachment-medium size-medium wp-image-159454\" alt=\"\" srcset=\"https:\/\/patientworthy.com\/wp-content\/uploads\/2019\/12\/drug_1575474850-289x300.png 289w, https:\/\/patientworthy.com\/wp-content\/uploads\/2019\/12\/drug_1575474850-145x150.png 145w, https:\/\/patientworthy.com\/wp-content\/uploads\/2019\/12\/drug_1575474850-768x796.png 768w, https:\/\/patientworthy.com\/wp-content\/uploads\/2019\/12\/drug_1575474850-988x1024.png 988w, https:\/\/patientworthy.com\/wp-content\/uploads\/2019\/12\/drug_1575474850.png 741w\" sizes=\"(max-width: 289px) 100vw, 289px\" \/><\/div>\n\t\t<\/a>\n\t\t\t\t<div class=\"elementor-post__text\">\n\t\t\t\t<h3 class=\"elementor-post__title\">\n\t\t\t<a href=\"https:\/\/patientworthy.com\/fr\/2021\/07\/31\/vo659-pour-sca-obtient-la-designation-de-medicament-orphelin\/\" >\n\t\t\t\tVO659 pour SCA obtient la d\u00e9signation de m\u00e9dicament orphelin\t\t\t<\/a>\n\t\t<\/h3>\n\t\t\t\t<div class=\"elementor-post__meta-data\">\n\t\t\t\t\t<span class=\"elementor-post-author\">\n\t\t\tJessica Lynn\t\t<\/span>\n\t\t\t\t<span class=\"elementor-post-date\">\n\t\t\tjuillet 31, 2021\t\t<\/span>\n\t\t\t\t<\/div>\n\t\t\n\t\t<a class=\"elementor-post__read-more\" href=\"https:\/\/patientworthy.com\/fr\/2021\/07\/31\/vo659-pour-sca-obtient-la-designation-de-medicament-orphelin\/\" aria-label=\"En savoir plus sur VO659 pour SCA obtient la d\u00e9signation de m\u00e9dicament orphelin\" tabindex=\"-1\" >\n\t\t\tRead More \u00bb\t\t<\/a>\n\n\t\t\t\t<\/div>\n\t\t\t\t<\/article>\n\t\t\t\t<article class=\"elementor-post elementor-grid-item post-1524171 post type-post status-publish format-standard has-post-thumbnail hentry category-francais-2 entry has-media\">\n\t\t\t\t<a class=\"elementor-post__thumbnail__link\" href=\"https:\/\/patientworthy.com\/fr\/2021\/07\/31\/le-regime-aux-isoflavones-pourrait-proteger-contre-la-sclerose-en-plaques\/\" tabindex=\"-1\" >\n\t\t\t<div class=\"elementor-post__thumbnail\"><img width=\"300\" height=\"198\" src=\"https:\/\/patientworthy.com\/wp-content\/uploads\/2018\/01\/healthy_food_1516051603-300x198.jpg\" class=\"attachment-medium size-medium wp-image-127757\" alt=\"\" srcset=\"https:\/\/patientworthy.com\/wp-content\/uploads\/2018\/01\/healthy_food_1516051603-300x198.jpg 300w, https:\/\/patientworthy.com\/wp-content\/uploads\/2018\/01\/healthy_food_1516051603-150x99.jpg 150w, https:\/\/patientworthy.com\/wp-content\/uploads\/2018\/01\/healthy_food_1516051603-768x507.jpg 768w, https:\/\/patientworthy.com\/wp-content\/uploads\/2018\/01\/healthy_food_1516051603.jpg 1024w, https:\/\/patientworthy.com\/wp-content\/uploads\/2018\/01\/healthy_food_1516051603-696x459.jpg 696w\" sizes=\"(max-width: 300px) 100vw, 300px\" \/><\/div>\n\t\t<\/a>\n\t\t\t\t<div class=\"elementor-post__text\">\n\t\t\t\t<h3 class=\"elementor-post__title\">\n\t\t\t<a href=\"https:\/\/patientworthy.com\/fr\/2021\/07\/31\/le-regime-aux-isoflavones-pourrait-proteger-contre-la-sclerose-en-plaques\/\" >\n\t\t\t\tLe r\u00e9gime aux isoflavones pourrait prot\u00e9ger contre la scl\u00e9rose en plaques\t\t\t<\/a>\n\t\t<\/h3>\n\t\t\t\t<div class=\"elementor-post__meta-data\">\n\t\t\t\t\t<span class=\"elementor-post-author\">\n\t\t\tJessica Lynn\t\t<\/span>\n\t\t\t\t<span class=\"elementor-post-date\">\n\t\t\tjuillet 31, 2021\t\t<\/span>\n\t\t\t\t<\/div>\n\t\t\n\t\t<a class=\"elementor-post__read-more\" href=\"https:\/\/patientworthy.com\/fr\/2021\/07\/31\/le-regime-aux-isoflavones-pourrait-proteger-contre-la-sclerose-en-plaques\/\" aria-label=\"En savoir plus sur Le r\u00e9gime aux isoflavones pourrait prot\u00e9ger contre la scl\u00e9rose en plaques\" tabindex=\"-1\" >\n\t\t\tRead More \u00bb\t\t<\/a>\n\n\t\t\t\t<\/div>\n\t\t\t\t<\/article>\n\t\t\t\t<article class=\"elementor-post elementor-grid-item post-1524160 post type-post status-publish format-standard has-post-thumbnail hentry category-francais-2 entry has-media\">\n\t\t\t\t<a class=\"elementor-post__thumbnail__link\" href=\"https:\/\/patientworthy.com\/fr\/2021\/07\/31\/etude-de-la-semaine-un-nouveau-traitement-possible-pour-le-lymphome-a-cellules-du-manteau\/\" tabindex=\"-1\" >\n\t\t\t<div class=\"elementor-post__thumbnail\"><img loading=\"lazy\" width=\"300\" height=\"200\" src=\"https:\/\/patientworthy.com\/wp-content\/uploads\/2021\/01\/microscope-300x200.jpg\" class=\"attachment-medium size-medium wp-image-645508\" alt=\"pancreatic cancer\" srcset=\"https:\/\/patientworthy.com\/wp-content\/uploads\/2021\/01\/microscope-300x200.jpg 300w, https:\/\/patientworthy.com\/wp-content\/uploads\/2021\/01\/microscope-scaled.jpg 1024w, https:\/\/patientworthy.com\/wp-content\/uploads\/2021\/01\/microscope-150x100.jpg 150w, https:\/\/patientworthy.com\/wp-content\/uploads\/2021\/01\/microscope-768x512.jpg 768w, https:\/\/patientworthy.com\/wp-content\/uploads\/2021\/01\/microscope-1536x1024.jpg 1536w, https:\/\/patientworthy.com\/wp-content\/uploads\/2021\/01\/microscope-2048x1365.jpg 2048w\" sizes=\"(max-width: 300px) 100vw, 300px\" \/><\/div>\n\t\t<\/a>\n\t\t\t\t<div class=\"elementor-post__text\">\n\t\t\t\t<h3 class=\"elementor-post__title\">\n\t\t\t<a href=\"https:\/\/patientworthy.com\/fr\/2021\/07\/31\/etude-de-la-semaine-un-nouveau-traitement-possible-pour-le-lymphome-a-cellules-du-manteau\/\" >\n\t\t\t\t\u00c9tude de la semaine : un nouveau traitement possible pour le lymphome \u00e0 cellules du manteau\t\t\t<\/a>\n\t\t<\/h3>\n\t\t\t\t<div class=\"elementor-post__meta-data\">\n\t\t\t\t\t<span class=\"elementor-post-author\">\n\t\t\tJames Moore\t\t<\/span>\n\t\t\t\t<span class=\"elementor-post-date\">\n\t\t\tjuillet 31, 2021\t\t<\/span>\n\t\t\t\t<\/div>\n\t\t\n\t\t<a class=\"elementor-post__read-more\" href=\"https:\/\/patientworthy.com\/fr\/2021\/07\/31\/etude-de-la-semaine-un-nouveau-traitement-possible-pour-le-lymphome-a-cellules-du-manteau\/\" aria-label=\"En savoir plus sur \u00c9tude de la semaine : un nouveau traitement possible pour le lymphome \u00e0 cellules du manteau\" tabindex=\"-1\" >\n\t\t\tRead More \u00bb\t\t<\/a>\n\n\t\t\t\t<\/div>\n\t\t\t\t<\/article>\n\t\t\t\t<article class=\"elementor-post elementor-grid-item post-1524152 post type-post status-publish format-standard has-post-thumbnail hentry category-francais-2 entry has-media\">\n\t\t\t\t<a class=\"elementor-post__thumbnail__link\" href=\"https:\/\/patientworthy.com\/fr\/2021\/07\/31\/international-pemphigus-pemphigoid-foundation-sassocie-a-lamerican-dental-association\/\" tabindex=\"-1\" >\n\t\t\t<div class=\"elementor-post__thumbnail\"><img loading=\"lazy\" width=\"300\" height=\"199\" src=\"https:\/\/patientworthy.com\/wp-content\/uploads\/2021\/07\/dentist-4373290_1280-300x199.jpg\" class=\"attachment-medium size-medium wp-image-1438510\" alt=\"pemphigus\" srcset=\"https:\/\/patientworthy.com\/wp-content\/uploads\/2021\/07\/dentist-4373290_1280-300x199.jpg 300w, https:\/\/patientworthy.com\/wp-content\/uploads\/2021\/07\/dentist-4373290_1280-scaled.jpg 1024w, https:\/\/patientworthy.com\/wp-content\/uploads\/2021\/07\/dentist-4373290_1280-150x99.jpg 150w, https:\/\/patientworthy.com\/wp-content\/uploads\/2021\/07\/dentist-4373290_1280-768x508.jpg 768w\" sizes=\"(max-width: 300px) 100vw, 300px\" \/><\/div>\n\t\t<\/a>\n\t\t\t\t<div class=\"elementor-post__text\">\n\t\t\t\t<h3 class=\"elementor-post__title\">\n\t\t\t<a href=\"https:\/\/patientworthy.com\/fr\/2021\/07\/31\/international-pemphigus-pemphigoid-foundation-sassocie-a-lamerican-dental-association\/\" >\n\t\t\t\tInternational Pemphigus &#038; Pemphigoid Foundation s&rsquo;associe \u00e0 l&rsquo;American Dental Association\t\t\t<\/a>\n\t\t<\/h3>\n\t\t\t\t<div class=\"elementor-post__meta-data\">\n\t\t\t\t\t<span class=\"elementor-post-author\">\n\t\t\tJames Moore\t\t<\/span>\n\t\t\t\t<span class=\"elementor-post-date\">\n\t\t\tjuillet 31, 2021\t\t<\/span>\n\t\t\t\t<\/div>\n\t\t\n\t\t<a class=\"elementor-post__read-more\" href=\"https:\/\/patientworthy.com\/fr\/2021\/07\/31\/international-pemphigus-pemphigoid-foundation-sassocie-a-lamerican-dental-association\/\" aria-label=\"En savoir plus sur International Pemphigus &#038; Pemphigoid Foundation s&rsquo;associe \u00e0 l&rsquo;American Dental Association\" tabindex=\"-1\" >\n\t\t\tRead More \u00bb\t\t<\/a>\n\n\t\t\t\t<\/div>\n\t\t\t\t<\/article>\n\t\t\t\t<article class=\"elementor-post elementor-grid-item post-1524085 post type-post status-publish format-standard has-post-thumbnail hentry category-francais-2 entry has-media\">\n\t\t\t\t<a class=\"elementor-post__thumbnail__link\" href=\"https:\/\/patientworthy.com\/fr\/2021\/07\/31\/le-coin-de-la-compassion-la-compassion-nest-pas-seulement-une-question-de-compassion-il-sagit-de-faire-un-pas-supplementaire-le-cancer-de-stade-3-de-ce-patient-aurait-pu-etre-evite\/\" tabindex=\"-1\" >\n\t\t\t<div class=\"elementor-post__thumbnail\"><img loading=\"lazy\" width=\"273\" height=\"300\" src=\"https:\/\/patientworthy.com\/wp-content\/uploads\/2021\/06\/woman-doctor-2-273x300.jpg\" class=\"attachment-medium size-medium wp-image-1299327\" alt=\"\" srcset=\"https:\/\/patientworthy.com\/wp-content\/uploads\/2021\/06\/woman-doctor-2-273x300.jpg 273w, https:\/\/patientworthy.com\/wp-content\/uploads\/2021\/06\/woman-doctor-2-136x150.jpg 136w, https:\/\/patientworthy.com\/wp-content\/uploads\/2021\/06\/woman-doctor-2.jpg 432w\" sizes=\"(max-width: 273px) 100vw, 273px\" \/><\/div>\n\t\t<\/a>\n\t\t\t\t<div class=\"elementor-post__text\">\n\t\t\t\t<h3 class=\"elementor-post__title\">\n\t\t\t<a href=\"https:\/\/patientworthy.com\/fr\/2021\/07\/31\/le-coin-de-la-compassion-la-compassion-nest-pas-seulement-une-question-de-compassion-il-sagit-de-faire-un-pas-supplementaire-le-cancer-de-stade-3-de-ce-patient-aurait-pu-etre-evite\/\" >\n\t\t\t\tLe coin de la compassion : la compassion n&rsquo;est pas seulement une question de compassion, il s&rsquo;agit de faire un pas suppl\u00e9mentaire. Le cancer de stade 3 de ce patient aurait pu \u00eatre \u00e9vit\u00e9\t\t\t<\/a>\n\t\t<\/h3>\n\t\t\t\t<div class=\"elementor-post__meta-data\">\n\t\t\t\t\t<span class=\"elementor-post-author\">\n\t\t\tRose Duesterwald\t\t<\/span>\n\t\t\t\t<span class=\"elementor-post-date\">\n\t\t\tjuillet 31, 2021\t\t<\/span>\n\t\t\t\t<\/div>\n\t\t\n\t\t<a class=\"elementor-post__read-more\" href=\"https:\/\/patientworthy.com\/fr\/2021\/07\/31\/le-coin-de-la-compassion-la-compassion-nest-pas-seulement-une-question-de-compassion-il-sagit-de-faire-un-pas-supplementaire-le-cancer-de-stade-3-de-ce-patient-aurait-pu-etre-evite\/\" aria-label=\"En savoir plus sur Le coin de la compassion : la compassion n&rsquo;est pas seulement une question de compassion, il s&rsquo;agit de faire un pas suppl\u00e9mentaire. Le cancer de stade 3 de ce patient aurait pu \u00eatre \u00e9vit\u00e9\" tabindex=\"-1\" >\n\t\t\tRead More \u00bb\t\t<\/a>\n\n\t\t\t\t<\/div>\n\t\t\t\t<\/article>\n\t\t\t\t<article class=\"elementor-post elementor-grid-item post-1524083 post type-post status-publish format-standard has-post-thumbnail hentry category-francais-2 entry has-media\">\n\t\t\t\t<a class=\"elementor-post__thumbnail__link\" href=\"https:\/\/patientworthy.com\/fr\/2021\/07\/31\/une-forme-atypique-du-syndrome-de-guillain-barre-decouverte-apres-la-vaccination-contre-le-covid-19\/\" tabindex=\"-1\" >\n\t\t\t<div class=\"elementor-post__thumbnail\"><img loading=\"lazy\" width=\"300\" height=\"225\" src=\"https:\/\/patientworthy.com\/wp-content\/uploads\/2021\/06\/covid-19-4922384_1280-2-300x225.jpg\" class=\"attachment-medium size-medium wp-image-1383641\" alt=\"Covid-19\" srcset=\"https:\/\/patientworthy.com\/wp-content\/uploads\/2021\/06\/covid-19-4922384_1280-2-300x225.jpg 300w, https:\/\/patientworthy.com\/wp-content\/uploads\/2021\/06\/covid-19-4922384_1280-2-scaled.jpg 1024w, https:\/\/patientworthy.com\/wp-content\/uploads\/2021\/06\/covid-19-4922384_1280-2-150x113.jpg 150w, https:\/\/patientworthy.com\/wp-content\/uploads\/2021\/06\/covid-19-4922384_1280-2-768x576.jpg 768w\" sizes=\"(max-width: 300px) 100vw, 300px\" \/><\/div>\n\t\t<\/a>\n\t\t\t\t<div class=\"elementor-post__text\">\n\t\t\t\t<h3 class=\"elementor-post__title\">\n\t\t\t<a href=\"https:\/\/patientworthy.com\/fr\/2021\/07\/31\/une-forme-atypique-du-syndrome-de-guillain-barre-decouverte-apres-la-vaccination-contre-le-covid-19\/\" >\n\t\t\t\tUne forme atypique du syndrome de Guillain-Barr\u00e9 d\u00e9couverte apr\u00e8s la vaccination contre le COVID-19\t\t\t<\/a>\n\t\t<\/h3>\n\t\t\t\t<div class=\"elementor-post__meta-data\">\n\t\t\t\t\t<span class=\"elementor-post-author\">\n\t\t\tTrudy Horsting\t\t<\/span>\n\t\t\t\t<span class=\"elementor-post-date\">\n\t\t\tjuillet 31, 2021\t\t<\/span>\n\t\t\t\t<\/div>\n\t\t\n\t\t<a class=\"elementor-post__read-more\" href=\"https:\/\/patientworthy.com\/fr\/2021\/07\/31\/une-forme-atypique-du-syndrome-de-guillain-barre-decouverte-apres-la-vaccination-contre-le-covid-19\/\" aria-label=\"En savoir plus sur Une forme atypique du syndrome de Guillain-Barr\u00e9 d\u00e9couverte apr\u00e8s la vaccination contre le COVID-19\" tabindex=\"-1\" >\n\t\t\tRead More \u00bb\t\t<\/a>\n\n\t\t\t\t<\/div>\n\t\t\t\t<\/article>\n\t\t\t\t<article class=\"elementor-post elementor-grid-item post-1524081 post type-post status-publish format-standard has-post-thumbnail hentry category-francais-2 entry has-media\">\n\t\t\t\t<a class=\"elementor-post__thumbnail__link\" href=\"https:\/\/patientworthy.com\/fr\/2021\/07\/31\/deux-decennies-de-recherche-pourraient-etre-inversees-par-une-nouvelle-decouverte-de-la-maladie-dalzheimer\/\" tabindex=\"-1\" >\n\t\t\t<div class=\"elementor-post__thumbnail\"><img loading=\"lazy\" width=\"300\" height=\"300\" src=\"https:\/\/patientworthy.com\/wp-content\/uploads\/2021\/06\/albert-einstein--300x300.jpg\" class=\"attachment-medium size-medium wp-image-1385868\" alt=\"\" srcset=\"https:\/\/patientworthy.com\/wp-content\/uploads\/2021\/06\/albert-einstein--300x300.jpg 300w, https:\/\/patientworthy.com\/wp-content\/uploads\/2021\/06\/albert-einstein--150x150.jpg 150w, https:\/\/patientworthy.com\/wp-content\/uploads\/2021\/06\/albert-einstein-.jpg 487w\" sizes=\"(max-width: 300px) 100vw, 300px\" \/><\/div>\n\t\t<\/a>\n\t\t\t\t<div class=\"elementor-post__text\">\n\t\t\t\t<h3 class=\"elementor-post__title\">\n\t\t\t<a href=\"https:\/\/patientworthy.com\/fr\/2021\/07\/31\/deux-decennies-de-recherche-pourraient-etre-inversees-par-une-nouvelle-decouverte-de-la-maladie-dalzheimer\/\" >\n\t\t\t\tDeux d\u00e9cennies de recherche pourraient \u00eatre invers\u00e9es par une nouvelle d\u00e9couverte de la maladie d&rsquo;Alzheimer\t\t\t<\/a>\n\t\t<\/h3>\n\t\t\t\t<div class=\"elementor-post__meta-data\">\n\t\t\t\t\t<span class=\"elementor-post-author\">\n\t\t\tRose Duesterwald\t\t<\/span>\n\t\t\t\t<span class=\"elementor-post-date\">\n\t\t\tjuillet 31, 2021\t\t<\/span>\n\t\t\t\t<\/div>\n\t\t\n\t\t<a class=\"elementor-post__read-more\" href=\"https:\/\/patientworthy.com\/fr\/2021\/07\/31\/deux-decennies-de-recherche-pourraient-etre-inversees-par-une-nouvelle-decouverte-de-la-maladie-dalzheimer\/\" aria-label=\"En savoir plus sur Deux d\u00e9cennies de recherche pourraient \u00eatre invers\u00e9es par une nouvelle d\u00e9couverte de la maladie d&rsquo;Alzheimer\" tabindex=\"-1\" >\n\t\t\tRead More \u00bb\t\t<\/a>\n\n\t\t\t\t<\/div>\n\t\t\t\t<\/article>\n\t\t\t\t<article class=\"elementor-post elementor-grid-item post-1524069 post type-post status-publish format-standard has-post-thumbnail hentry category-francais-2 entry has-media\">\n\t\t\t\t<a class=\"elementor-post__thumbnail__link\" href=\"https:\/\/patientworthy.com\/fr\/2021\/07\/31\/utiliser-des-probiotiques-de-levure-pour-traiter-les-mii\/\" tabindex=\"-1\" >\n\t\t\t<div class=\"elementor-post__thumbnail\"><img loading=\"lazy\" width=\"300\" height=\"200\" src=\"https:\/\/patientworthy.com\/wp-content\/uploads\/2021\/07\/REDObread-1494947__180-300x200.jpg\" class=\"attachment-medium size-medium wp-image-1537668\" alt=\"\" srcset=\"https:\/\/patientworthy.com\/wp-content\/uploads\/2021\/07\/REDObread-1494947__180-300x200.jpg 300w, https:\/\/patientworthy.com\/wp-content\/uploads\/2021\/07\/REDObread-1494947__180-150x100.jpg 150w, https:\/\/patientworthy.com\/wp-content\/uploads\/2021\/07\/REDObread-1494947__180-768x512.jpg 768w, https:\/\/patientworthy.com\/wp-content\/uploads\/2021\/07\/REDObread-1494947__180.jpg 1024w\" sizes=\"(max-width: 300px) 100vw, 300px\" \/><\/div>\n\t\t<\/a>\n\t\t\t\t<div class=\"elementor-post__text\">\n\t\t\t\t<h3 class=\"elementor-post__title\">\n\t\t\t<a href=\"https:\/\/patientworthy.com\/fr\/2021\/07\/31\/utiliser-des-probiotiques-de-levure-pour-traiter-les-mii\/\" >\n\t\t\t\tUtiliser des probiotiques de levure pour traiter les MII\t\t\t<\/a>\n\t\t<\/h3>\n\t\t\t\t<div class=\"elementor-post__meta-data\">\n\t\t\t\t\t<span class=\"elementor-post-author\">\n\t\t\tJessica Lynn\t\t<\/span>\n\t\t\t\t<span class=\"elementor-post-date\">\n\t\t\tjuillet 31, 2021\t\t<\/span>\n\t\t\t\t<\/div>\n\t\t\n\t\t<a class=\"elementor-post__read-more\" href=\"https:\/\/patientworthy.com\/fr\/2021\/07\/31\/utiliser-des-probiotiques-de-levure-pour-traiter-les-mii\/\" aria-label=\"En savoir plus sur Utiliser des probiotiques de levure pour traiter les MII\" tabindex=\"-1\" >\n\t\t\tRead More \u00bb\t\t<\/a>\n\n\t\t\t\t<\/div>\n\t\t\t\t<\/article>\n\t\t\t\t<\/div>\n\t\t\n\t\t\t\t<\/div>\n\t\t\t\t<\/div>\n\t\t\t\t\t<\/div>\n\t\t<\/div>\n\t\t\t\t\t\t\t<\/div>\n\t\t<\/section>\n\t\t\t\t\t\t\t<\/div>\n\t\t","protected":false},"excerpt":{"rendered":"<p>Our mission is to amplify the rare condition voice. One of the ways we achieve that is through collaborations across the community, from patients and<\/p>\n","protected":false},"author":161,"featured_media":0,"parent":0,"menu_order":0,"comment_status":"closed","ping_status":"closed","template":"","meta":[],"_links":{"self":[{"href":"https:\/\/patientworthy.com\/fr\/wp-json\/wp\/v2\/pages\/119664"}],"collection":[{"href":"https:\/\/patientworthy.com\/fr\/wp-json\/wp\/v2\/pages"}],"about":[{"href":"https:\/\/patientworthy.com\/fr\/wp-json\/wp\/v2\/types\/page"}],"author":[{"embeddable":true,"href":"https:\/\/patientworthy.com\/fr\/wp-json\/wp\/v2\/users\/161"}],"replies":[{"embeddable":true,"href":"https:\/\/patientworthy.com\/fr\/wp-json\/wp\/v2\/comments?post=119664"}],"version-history":[{"count":0,"href":"https:\/\/patientworthy.com\/fr\/wp-json\/wp\/v2\/pages\/119664\/revisions"}],"wp:attachment":[{"href":"https:\/\/patientworthy.com\/fr\/wp-json\/wp\/v2\/media?parent=119664"}],"curies":[{"name":"wp","href":"https:\/\/api.w.org\/{rel}","templated":true}]}}